{"id":188,"date":"2022-12-08T16:43:33","date_gmt":"2022-12-08T15:43:33","guid":{"rendered":"https:\/\/www.sonogenesis.info\/health-disclaimer\/"},"modified":"2023-01-16T05:43:46","modified_gmt":"2023-01-16T04:43:46","slug":"opustitev-odgovornosti-v-zvezi-z-zdravjem","status":"publish","type":"page","link":"http:\/\/www.sonogenesis.info\/sl\/domov\/opustitev-odgovornosti-v-zvezi-z-zdravjem\/","title":{"rendered":"Izjava o omejitvi odgovornosti v zvezi z zdravjem"},"content":{"rendered":"<div data-elementor-type=\"wp-page\" data-elementor-id=\"188\" class=\"elementor elementor-188\" data-elementor-post-type=\"page\">\n\t\t\t\t\t\t<section class=\"elementor-section elementor-top-section elementor-element elementor-element-1819deab elementor-section-height-min-height elementor-section-items-stretch elementor-section-content-middle elementor-section-full_width elementor-section-height-default\" data-id=\"1819deab\" data-element_type=\"section\" data-settings=\"{&quot;background_background&quot;:&quot;classic&quot;}\">\n\t\t\t\t\t\t<div class=\"elementor-container elementor-column-gap-no\">\n\t\t\t\t\t<div class=\"elementor-column elementor-col-50 elementor-top-column elementor-element elementor-element-510d82f0\" data-id=\"510d82f0\" data-element_type=\"column\">\n\t\t\t<div class=\"elementor-widget-wrap elementor-element-populated\">\n\t\t\t\t\t\t<div class=\"elementor-element elementor-element-6f3b4a5e elementor-widget elementor-widget-heading\" data-id=\"6f3b4a5e\" data-element_type=\"widget\" data-widget_type=\"heading.default\">\n\t\t\t\t<div class=\"elementor-widget-container\">\n\t\t\t\t\t<h3 class=\"elementor-heading-title elementor-size-default\">Dejstvo &gt;&gt;&gt;<\/h3>\t\t\t\t<\/div>\n\t\t\t\t<\/div>\n\t\t\t\t<div class=\"elementor-element elementor-element-650aace0 elementor-widget-divider--view-line elementor-invisible elementor-widget elementor-widget-divider\" data-id=\"650aace0\" data-element_type=\"widget\" data-settings=\"{&quot;_animation&quot;:&quot;fadeInUp&quot;}\" data-widget_type=\"divider.default\">\n\t\t\t\t<div class=\"elementor-widget-container\">\n\t\t\t\t\t\t\t<div class=\"elementor-divider\">\n\t\t\t<span class=\"elementor-divider-separator\">\n\t\t\t\t\t\t<\/span>\n\t\t<\/div>\n\t\t\t\t\t\t<\/div>\n\t\t\t\t<\/div>\n\t\t\t\t<div class=\"elementor-element elementor-element-2346485a elementor-widget elementor-widget-heading\" data-id=\"2346485a\" data-element_type=\"widget\" data-widget_type=\"heading.default\">\n\t\t\t\t<div class=\"elementor-widget-container\">\n\t\t\t\t\t<h1 class=\"elementor-heading-title elementor-size-default\">Izjava o omejitvi odgovornosti v zvezi z zdravjem<\/h1>\t\t\t\t<\/div>\n\t\t\t\t<\/div>\n\t\t\t\t\t<\/div>\n\t\t<\/div>\n\t\t\t\t<div class=\"elementor-column elementor-col-50 elementor-top-column elementor-element elementor-element-5a240a65\" data-id=\"5a240a65\" data-element_type=\"column\" data-settings=\"{&quot;background_background&quot;:&quot;classic&quot;,&quot;background_motion_fx_motion_fx_scrolling&quot;:&quot;yes&quot;,&quot;background_motion_fx_blur_effect&quot;:&quot;yes&quot;,&quot;background_motion_fx_blur_direction&quot;:&quot;in-out&quot;,&quot;background_motion_fx_blur_range&quot;:{&quot;unit&quot;:&quot;%&quot;,&quot;size&quot;:&quot;&quot;,&quot;sizes&quot;:{&quot;start&quot;:&quot;66&quot;,&quot;end&quot;:&quot;100&quot;}},&quot;background_motion_fx_blur_level&quot;:{&quot;unit&quot;:&quot;px&quot;,&quot;size&quot;:7,&quot;sizes&quot;:[]},&quot;background_motion_fx_devices&quot;:[&quot;desktop&quot;,&quot;tablet&quot;,&quot;mobile&quot;]}\">\n\t\t\t<div class=\"elementor-widget-wrap elementor-element-populated\">\n\t\t\t\t\t\t<div class=\"elementor-element elementor-element-44b186ad elementor-widget elementor-widget-spacer\" data-id=\"44b186ad\" data-element_type=\"widget\" data-widget_type=\"spacer.default\">\n\t\t\t\t<div class=\"elementor-widget-container\">\n\t\t\t\t\t\t\t<div class=\"elementor-spacer\">\n\t\t\t<div class=\"elementor-spacer-inner\"><\/div>\n\t\t<\/div>\n\t\t\t\t\t\t<\/div>\n\t\t\t\t<\/div>\n\t\t\t\t\t<\/div>\n\t\t<\/div>\n\t\t\t\t\t<\/div>\n\t\t<\/section>\n\t\t\t\t<section class=\"elementor-section elementor-top-section elementor-element elementor-element-5e3784b8 elementor-section-boxed elementor-section-height-default elementor-section-height-default\" data-id=\"5e3784b8\" data-element_type=\"section\">\n\t\t\t\t\t\t<div class=\"elementor-container elementor-column-gap-no\">\n\t\t\t\t\t<div class=\"elementor-column elementor-col-50 elementor-top-column elementor-element elementor-element-c866c42\" data-id=\"c866c42\" data-element_type=\"column\">\n\t\t\t<div class=\"elementor-widget-wrap elementor-element-populated\">\n\t\t\t\t\t\t<div class=\"elementor-element elementor-element-569e0e16 elementor-widget-divider--view-line elementor-invisible elementor-widget elementor-widget-divider\" data-id=\"569e0e16\" data-element_type=\"widget\" data-settings=\"{&quot;_animation&quot;:&quot;fadeInUp&quot;}\" data-widget_type=\"divider.default\">\n\t\t\t\t<div class=\"elementor-widget-container\">\n\t\t\t\t\t\t\t<div class=\"elementor-divider\">\n\t\t\t<span class=\"elementor-divider-separator\">\n\t\t\t\t\t\t<\/span>\n\t\t<\/div>\n\t\t\t\t\t\t<\/div>\n\t\t\t\t<\/div>\n\t\t\t\t\t<\/div>\n\t\t<\/div>\n\t\t\t\t<div class=\"elementor-column elementor-col-50 elementor-top-column elementor-element elementor-element-216a4e44\" data-id=\"216a4e44\" data-element_type=\"column\" data-settings=\"{&quot;background_background&quot;:&quot;classic&quot;}\">\n\t\t\t<div class=\"elementor-widget-wrap elementor-element-populated\">\n\t\t\t\t\t\t<div class=\"elementor-element elementor-element-3290fa98 elementor-widget elementor-widget-heading\" data-id=\"3290fa98\" data-element_type=\"widget\" data-widget_type=\"heading.default\">\n\t\t\t\t<div class=\"elementor-widget-container\">\n\t\t\t\t\t<h2 class=\"elementor-heading-title elementor-size-default\">Izjava o omejitvi odgovornosti v zvezi z zdravjem<\/h2>\t\t\t\t<\/div>\n\t\t\t\t<\/div>\n\t\t\t\t<div class=\"elementor-element elementor-element-77e63a72 elementor-widget elementor-widget-heading\" data-id=\"77e63a72\" data-element_type=\"widget\" data-widget_type=\"heading.default\">\n\t\t\t\t<div class=\"elementor-widget-container\">\n\t\t\t\t\t<p class=\"elementor-heading-title elementor-size-default\">Cenimo vsakr\u0161no podporo<\/p>\t\t\t\t<\/div>\n\t\t\t\t<\/div>\n\t\t\t\t<div class=\"elementor-element elementor-element-4b21ae3a elementor-widget elementor-widget-text-editor\" data-id=\"4b21ae3a\" data-element_type=\"widget\" data-widget_type=\"text-editor.default\">\n\t\t\t\t<div class=\"elementor-widget-container\">\n\t\t\t\t\t\t\t\t\t<p>Informacije, med drugim besedilo, grafike, slike in drugo gradivo na tem spletnem mestu, so zgolj informativne narave. Namen tega spletnega mesta je spodbujati \u0161iroko razumevanje in poznavanje razli\u010dnih zdravstvenih tem s strani potro\u0161nikov. Ni namenjeno kot nadomestilo za strokovni zdravni\u0161ki nasvet, diagnozo ali zdravljenje. Vedno se posvetujte s svojim zdravnikom ali drugim usposobljenim ponudnikom zdravstvenih storitev, \u010de imate vpra\u0161anja v zvezi z zdravstvenim stanjem ali zdravljenjem, in preden se lotite novega zdravstvenega re\u017eima, ter nikoli ne zanemarite strokovnega zdravni\u0161kega nasveta ali odla\u0161ajte z njegovo uporabo zaradi ne\u010desa, kar ste prebrali na tem spletnem mestu.<\/p>\t\t\t\t\t\t\t\t<\/div>\n\t\t\t\t<\/div>\n\t\t\t\t<div class=\"elementor-element elementor-element-75207d83 elementor-widget elementor-widget-text-editor\" data-id=\"75207d83\" data-element_type=\"widget\" data-widget_type=\"text-editor.default\">\n\t\t\t\t<div class=\"elementor-widget-container\">\n\t\t\t\t\t\t\t\t\t<p>\u010ce \u017eelite izvedeti ve\u010d informacij, se obrnite na nas na <a href=\"mailto:info@sonogenesis.info\">info@sonogenesis.info<\/a><\/p>\t\t\t\t\t\t\t\t<\/div>\n\t\t\t\t<\/div>\n\t\t\t\t\t<\/div>\n\t\t<\/div>\n\t\t\t\t\t<\/div>\n\t\t<\/section>\n\t\t\t\t<\/div>","protected":false},"excerpt":{"rendered":"<p>Dejstva &gt;&gt;&gt; Izjava o omejitvi odgovornosti na podro\u010dju zdravja Izjava o omejitvi odgovornosti na podro\u010dju zdravja Cenimo vsakr\u0161no podporo Informacije, med drugim besedilo, grafike, slike in drugo gradivo na tem spletnem mestu, so zgolj informativne narave. Namen tega spletnega mesta je spodbujati \u0161iroko razumevanje in poznavanje razli\u010dnih zdravstvenih tem s strani potro\u0161nikov. Njen namen ni spodbujanje k uporabi informacij, ki jih je mogo\u010de dobiti na spletni strani, temve\u010d je namenjena ... <\/p>\n<p class=\"link-more\"><a href=\"http:\/\/www.sonogenesis.info\/sl\/domov\/opustitev-odgovornosti-v-zvezi-z-zdravjem\/\" class=\"more-link\">Preberi ve\u010d<span class=\"screen-reader-text\"> \"Izjava o omejitvi odgovornosti na podro\u010dju zdravja\"<\/span><\/a><\/p>","protected":false},"author":1,"featured_media":0,"parent":156,"menu_order":0,"comment_status":"closed","ping_status":"closed","template":"elementor_header_footer","meta":{"pmpro_default_level":"","footnotes":""},"class_list":["post-188","page","type-page","status-publish","hentry","pmpro-has-access"],"_links":{"self":[{"href":"http:\/\/www.sonogenesis.info\/sl\/wp-json\/wp\/v2\/pages\/188","targetHints":{"allow":["GET"]}}],"collection":[{"href":"http:\/\/www.sonogenesis.info\/sl\/wp-json\/wp\/v2\/pages"}],"about":[{"href":"http:\/\/www.sonogenesis.info\/sl\/wp-json\/wp\/v2\/types\/page"}],"author":[{"embeddable":true,"href":"http:\/\/www.sonogenesis.info\/sl\/wp-json\/wp\/v2\/users\/1"}],"replies":[{"embeddable":true,"href":"http:\/\/www.sonogenesis.info\/sl\/wp-json\/wp\/v2\/comments?post=188"}],"version-history":[{"count":7,"href":"http:\/\/www.sonogenesis.info\/sl\/wp-json\/wp\/v2\/pages\/188\/revisions"}],"predecessor-version":[{"id":3094,"href":"http:\/\/www.sonogenesis.info\/sl\/wp-json\/wp\/v2\/pages\/188\/revisions\/3094"}],"up":[{"embeddable":true,"href":"http:\/\/www.sonogenesis.info\/sl\/wp-json\/wp\/v2\/pages\/156"}],"wp:attachment":[{"href":"http:\/\/www.sonogenesis.info\/sl\/wp-json\/wp\/v2\/media?parent=188"}],"curies":[{"name":"wp","href":"https:\/\/api.w.org\/{rel}","templated":true}]}}