{"id":4800,"date":"2024-02-07T12:53:48","date_gmt":"2024-02-07T11:53:48","guid":{"rendered":"https:\/\/www.sonogenesis.info\/?page_id=4800"},"modified":"2025-10-01T09:01:40","modified_gmt":"2025-10-01T08:01:40","slug":"vas","status":"publish","type":"page","link":"http:\/\/www.sonogenesis.info\/sl\/vas\/","title":{"rendered":"Vibroakusti\u010dni studio"},"content":{"rendered":"<div data-elementor-type=\"wp-page\" data-elementor-id=\"4800\" class=\"elementor elementor-4800\" data-elementor-post-type=\"page\">\n\t\t\t\t\t\t<section class=\"elementor-section elementor-top-section elementor-element elementor-element-187374a6 elementor-section-full_width elementor-section-height-min-height elementor-section-height-default elementor-section-items-middle\" data-id=\"187374a6\" data-element_type=\"section\">\n\t\t\t\t\t\t<div class=\"elementor-container elementor-column-gap-no\">\n\t\t\t\t\t<div class=\"elementor-column elementor-col-100 elementor-top-column elementor-element elementor-element-27042407\" data-id=\"27042407\" data-element_type=\"column\">\n\t\t\t<div class=\"elementor-widget-wrap elementor-element-populated\">\n\t\t\t\t\t\t<div class=\"elementor-element elementor-element-95911f6 elementor-widget elementor-widget-heading\" data-id=\"95911f6\" data-element_type=\"widget\" data-widget_type=\"heading.default\">\n\t\t\t\t<div class=\"elementor-widget-container\">\n\t\t\t\t\t<h1 class=\"elementor-heading-title elementor-size-default\">VIBROAKUSTI\u010cNI STUDIO<\/h1>\t\t\t\t<\/div>\n\t\t\t\t<\/div>\n\t\t\t\t\t<\/div>\n\t\t<\/div>\n\t\t\t\t\t<\/div>\n\t\t<\/section>\n\t\t\t\t<section class=\"elementor-section elementor-top-section elementor-element elementor-element-22bf4fb7 elementor-section-full_width elementor-section-height-min-height elementor-section-items-stretch elementor-section-content-middle elementor-section-height-default\" data-id=\"22bf4fb7\" data-element_type=\"section\">\n\t\t\t\t\t\t<div class=\"elementor-container elementor-column-gap-no\">\n\t\t\t\t\t<div class=\"elementor-column elementor-col-50 elementor-top-column elementor-element elementor-element-b76b19a\" data-id=\"b76b19a\" data-element_type=\"column\" data-settings=\"{&quot;background_background&quot;:&quot;classic&quot;,&quot;background_motion_fx_motion_fx_scrolling&quot;:&quot;yes&quot;,&quot;background_motion_fx_scale_effect&quot;:&quot;yes&quot;,&quot;background_motion_fx_scale_range&quot;:{&quot;unit&quot;:&quot;%&quot;,&quot;size&quot;:&quot;&quot;,&quot;sizes&quot;:{&quot;start&quot;:50,&quot;end&quot;:100}},&quot;background_motion_fx_scale_direction&quot;:&quot;out-in&quot;,&quot;background_motion_fx_scale_speed&quot;:{&quot;unit&quot;:&quot;px&quot;,&quot;size&quot;:4,&quot;sizes&quot;:[]},&quot;background_motion_fx_devices&quot;:[&quot;desktop&quot;,&quot;tablet&quot;,&quot;mobile&quot;]}\">\n\t\t\t<div class=\"elementor-widget-wrap elementor-element-populated\">\n\t\t\t\t\t\t<div class=\"elementor-element elementor-element-2447b397 elementor-widget elementor-widget-text-path\" data-id=\"2447b397\" data-element_type=\"widget\" data-settings=\"{&quot;text&quot;:&quot;vibrate the body, heal the mind, calm the soul - vibrate the body, heal the mind, calm the soul&quot;,&quot;link&quot;:{&quot;url&quot;:&quot;&quot;,&quot;is_external&quot;:&quot;&quot;,&quot;nofollow&quot;:&quot;&quot;,&quot;custom_attributes&quot;:&quot;&quot;},&quot;start_point&quot;:{&quot;unit&quot;:&quot;%&quot;,&quot;size&quot;:0,&quot;sizes&quot;:[]}}\" data-widget_type=\"text-path.default\">\n\t\t\t\t<div class=\"elementor-widget-container\">\n\t\t\t\t\t\t\t<div class=\"e-text-path\" data-text=\"vibrate the body, heal the mind, calm the soul - vibrate the body, heal the mind, calm the soul\" data-url=\"\/\/www.sonogenesis.info\/wp-content\/plugins\/elementor\/assets\/svg-paths\/wave.svg\" data-link-url=\"\"><\/div>\n\t\t\t\t\t\t<\/div>\n\t\t\t\t<\/div>\n\t\t\t\t\t<\/div>\n\t\t<\/div>\n\t\t\t\t<div class=\"elementor-column elementor-col-50 elementor-top-column elementor-element elementor-element-781b97cd\" data-id=\"781b97cd\" data-element_type=\"column\" data-settings=\"{&quot;background_background&quot;:&quot;classic&quot;}\">\n\t\t\t<div class=\"elementor-widget-wrap elementor-element-populated\">\n\t\t\t\t\t\t<div class=\"elementor-element elementor-element-65392fda elementor-invisible elementor-widget elementor-widget-heading\" data-id=\"65392fda\" data-element_type=\"widget\" data-settings=\"{&quot;_animation&quot;:&quot;fadeIn&quot;}\" data-widget_type=\"heading.default\">\n\t\t\t\t<div class=\"elementor-widget-container\">\n\t\t\t\t\t<h2 class=\"elementor-heading-title elementor-size-default\">pomirjujo\u010da vibracija<\/h2>\t\t\t\t<\/div>\n\t\t\t\t<\/div>\n\t\t\t\t\t<\/div>\n\t\t<\/div>\n\t\t\t\t\t<\/div>\n\t\t<\/section>\n\t\t\t\t<section class=\"elementor-section elementor-top-section elementor-element elementor-element-7f2efe4c elementor-section-boxed elementor-section-height-default elementor-section-height-default\" data-id=\"7f2efe4c\" data-element_type=\"section\">\n\t\t\t\t\t\t<div class=\"elementor-container elementor-column-gap-no\">\n\t\t\t\t\t<div class=\"elementor-column elementor-col-100 elementor-top-column elementor-element elementor-element-2a21a7e7\" data-id=\"2a21a7e7\" data-element_type=\"column\">\n\t\t\t<div class=\"elementor-widget-wrap elementor-element-populated\">\n\t\t\t\t\t\t<div class=\"elementor-element elementor-element-7671af1c elementor-widget elementor-widget-text-editor\" data-id=\"7671af1c\" data-element_type=\"widget\" data-widget_type=\"text-editor.default\">\n\t\t\t\t<div class=\"elementor-widget-container\">\n\t\t\t\t\t\t\t\t\t<p>Dobrodo\u0161li v \u010darobnem svetu <strong>Vibroakusti\u010dni studio<\/strong>. Pridru\u017eite se nam v na\u0161em edinstvenem studiu, ki je zasnovan tako, da se po\u010dutite udobno in spro\u0161\u010deno - popoln kraj za pobeg. Na\u0161a ekipa prijaznih strokovnjakov z veseljem poskrbi za vas.<\/p>\t\t\t\t\t\t\t\t<\/div>\n\t\t\t\t<\/div>\n\t\t\t\t\t<\/div>\n\t\t<\/div>\n\t\t\t\t\t<\/div>\n\t\t<\/section>\n\t\t\t\t<section class=\"elementor-section elementor-top-section elementor-element elementor-element-2d02ab87 elementor-section-full_width elementor-section-height-default elementor-section-height-default\" data-id=\"2d02ab87\" data-element_type=\"section\">\n\t\t\t\t\t\t<div class=\"elementor-container elementor-column-gap-no\">\n\t\t\t\t\t<div class=\"elementor-column elementor-col-33 elementor-top-column elementor-element elementor-element-52e46f26\" data-id=\"52e46f26\" data-element_type=\"column\">\n\t\t\t<div class=\"elementor-widget-wrap elementor-element-populated\">\n\t\t\t\t\t\t<div class=\"elementor-element elementor-element-24bd480a elementor-cta--skin-cover elementor-cta--valign-middle elementor-animated-content elementor-widget elementor-widget-call-to-action\" data-id=\"24bd480a\" data-element_type=\"widget\" data-widget_type=\"call-to-action.default\">\n\t\t\t\t<div class=\"elementor-widget-container\">\n\t\t\t\t\t\t\t<a class=\"elementor-cta\" href=\"https:\/\/www.sonogenesis.info\/sl\/vas\/vibroakusticna-terapija\/\">\n\t\t\t\t\t<div class=\"elementor-cta__bg-wrapper\">\n\t\t\t\t<div class=\"elementor-cta__bg elementor-bg\" style=\"background-image: url(http:\/\/www.sonogenesis.info\/wp-content\/uploads\/2024\/02\/DSC_0007-scaled.jpg);\" role=\"img\" aria-label=\"DSC_0007\"><\/div>\n\t\t\t\t<div class=\"elementor-cta__bg-overlay\"><\/div>\n\t\t\t<\/div>\n\t\t\t\t\t\t\t<div class=\"elementor-cta__content\">\n\t\t\t\t\n\t\t\t\t\t\t\t\t\t<h3 class=\"elementor-cta__title elementor-cta__content-item elementor-content-item elementor-animated-item--shrink\">\n\t\t\t\t\t\tVibroakusti\u010dna terapija\t\t\t\t\t<\/h3>\n\t\t\t\t\n\t\t\t\t\n\t\t\t\t\t\t\t<\/div>\n\t\t\t\t\t\t<\/a>\n\t\t\t\t\t\t<\/div>\n\t\t\t\t<\/div>\n\t\t\t\t<section class=\"elementor-section elementor-inner-section elementor-element elementor-element-7c76e8c5 elementor-section-full_width elementor-section-height-default elementor-section-height-default\" data-id=\"7c76e8c5\" data-element_type=\"section\">\n\t\t\t\t\t\t<div class=\"elementor-container elementor-column-gap-no\">\n\t\t\t\t\t<div class=\"elementor-column elementor-col-100 elementor-inner-column elementor-element elementor-element-20970d89\" data-id=\"20970d89\" data-element_type=\"column\">\n\t\t\t<div class=\"elementor-widget-wrap elementor-element-populated\">\n\t\t\t\t\t\t<div class=\"elementor-element elementor-element-c706798 elementor-widget elementor-widget-text-editor\" data-id=\"c706798\" data-element_type=\"widget\" data-widget_type=\"text-editor.default\">\n\t\t\t\t<div class=\"elementor-widget-container\">\n\t\t\t\t\t\t\t\t\t<p>Vibroakusti\u010dna terapija je razmeroma novo podro\u010dje \u0161tudija, ki zdru\u017euje na\u010dela glasbene terapije in vibracijske terapije za izbolj\u0161anje zdravja in dobrega po\u010dutja.<\/p><p>K razvoju in razumevanju vibroakusti\u010dne terapije so prispevali \u0161tevilni raziskovalci in razvijalci.<\/p><p>Vibroakusti\u010dna terapija (VAT) je terapevtska metoda, ki uporablja zvok in vibracije za krepitev telesnega in du\u0161evnega zdravja.<\/p><p><a href=\"https:\/\/www.sonogenesis.info\/sl\/vas\/vibroakusticna-terapija\/\">(ve\u010d tukaj...)<\/a><\/p>\t\t\t\t\t\t\t\t<\/div>\n\t\t\t\t<\/div>\n\t\t\t\t<div class=\"elementor-element elementor-element-23d99b90 elementor-align-justify elementor-widget elementor-widget-button\" data-id=\"23d99b90\" data-element_type=\"widget\" data-widget_type=\"button.default\">\n\t\t\t\t<div class=\"elementor-widget-container\">\n\t\t\t\t\t\t\t\t\t<div class=\"elementor-button-wrapper\">\n\t\t\t\t\t<a class=\"elementor-button elementor-button-link elementor-size-lg\" href=\"https:\/\/www.sonogenesis.info\/sl\/vas\/rezervacija\/\" target=\"_blank\">\n\t\t\t\t\t\t<span class=\"elementor-button-content-wrapper\">\n\t\t\t\t\t\t\t\t\t<span class=\"elementor-button-text\">rezervirajte svoje do\u017eivetje<\/span>\n\t\t\t\t\t<\/span>\n\t\t\t\t\t<\/a>\n\t\t\t\t<\/div>\n\t\t\t\t\t\t\t\t<\/div>\n\t\t\t\t<\/div>\n\t\t\t\t\t<\/div>\n\t\t<\/div>\n\t\t\t\t\t<\/div>\n\t\t<\/section>\n\t\t\t\t\t<\/div>\n\t\t<\/div>\n\t\t\t\t<div class=\"elementor-column elementor-col-33 elementor-top-column elementor-element elementor-element-6ba34596\" data-id=\"6ba34596\" data-element_type=\"column\">\n\t\t\t<div class=\"elementor-widget-wrap elementor-element-populated\">\n\t\t\t\t\t\t<div class=\"elementor-element elementor-element-424195ff elementor-cta--skin-cover elementor-cta--valign-middle elementor-animated-content elementor-widget elementor-widget-call-to-action\" data-id=\"424195ff\" data-element_type=\"widget\" data-widget_type=\"call-to-action.default\">\n\t\t\t\t<div class=\"elementor-widget-container\">\n\t\t\t\t\t\t\t<a class=\"elementor-cta\" href=\"https:\/\/www.sonogenesis.info\/sl\/vas\/zdravljenje-z-vibracijami\/\">\n\t\t\t\t\t<div class=\"elementor-cta__bg-wrapper\">\n\t\t\t\t<div class=\"elementor-cta__bg elementor-bg\" style=\"background-image: url(http:\/\/www.sonogenesis.info\/wp-content\/uploads\/2023\/07\/auditory-signal-neurosicences.jpg.webp);\" role=\"img\" aria-label=\"Novice s podro\u010dja nevroznanosti\"><\/div>\n\t\t\t\t<div class=\"elementor-cta__bg-overlay\"><\/div>\n\t\t\t<\/div>\n\t\t\t\t\t\t\t<div class=\"elementor-cta__content\">\n\t\t\t\t\n\t\t\t\t\t\t\t\t\t<h3 class=\"elementor-cta__title elementor-cta__content-item elementor-content-item elementor-animated-item--shrink\">\n\t\t\t\t\t\tVibracije in zdravljenje\t\t\t\t\t<\/h3>\n\t\t\t\t\n\t\t\t\t\n\t\t\t\t\t\t\t<\/div>\n\t\t\t\t\t\t<\/a>\n\t\t\t\t\t\t<\/div>\n\t\t\t\t<\/div>\n\t\t\t\t<section class=\"elementor-section elementor-inner-section elementor-element elementor-element-7aa825be elementor-section-full_width elementor-section-height-default elementor-section-height-default\" data-id=\"7aa825be\" data-element_type=\"section\">\n\t\t\t\t\t\t<div class=\"elementor-container elementor-column-gap-no\">\n\t\t\t\t\t<div class=\"elementor-column elementor-col-100 elementor-inner-column elementor-element elementor-element-68474ebf\" data-id=\"68474ebf\" data-element_type=\"column\">\n\t\t\t<div class=\"elementor-widget-wrap elementor-element-populated\">\n\t\t\t\t\t\t<div class=\"elementor-element elementor-element-77517641 elementor-widget elementor-widget-text-editor\" data-id=\"77517641\" data-element_type=\"widget\" data-widget_type=\"text-editor.default\">\n\t\t\t\t<div class=\"elementor-widget-container\">\n\t\t\t\t\t\t\t\t\t<p>Zvok je vibracija, ki potuje po zraku, vodi in trdnih snoveh ter posledi\u010dno po \u010dlove\u0161kem telesu. Kot terapevtsko orodje in metoda za sprostitev \u010dlove\u0161kega potenciala lahko zvok globoko in brez primere spremeni nevrokemijo in nevrobiologijo. Proizvaja ga vsaka snov in je temeljni del pre\u017eivetja vsake vrste, saj so na\u0161i mo\u017egani naravnani tako, da se takoj odzovejo na zvok. Presene\u010deni boste nad mo\u010djo zvoka, ki premakne energijo v telesu in umu, kar povzro\u010di takoj\u0161en fizi\u010dni in psiholo\u0161ki napredek.<\/p><p><br \/><a href=\"https:\/\/www.sonogenesis.info\/sl\/vas\/zdravljenje-z-vibracijami\/\">(ve\u010d tukaj...)<\/a><\/p>\t\t\t\t\t\t\t\t<\/div>\n\t\t\t\t<\/div>\n\t\t\t\t<div class=\"elementor-element elementor-element-69c41bc2 elementor-align-justify elementor-widget elementor-widget-button\" data-id=\"69c41bc2\" data-element_type=\"widget\" data-widget_type=\"button.default\">\n\t\t\t\t<div class=\"elementor-widget-container\">\n\t\t\t\t\t\t\t\t\t<div class=\"elementor-button-wrapper\">\n\t\t\t\t\t<a class=\"elementor-button elementor-button-link elementor-size-lg\" href=\"https:\/\/www.sonogenesis.info\/sl\/vas\/rezervacija\/\" target=\"_blank\">\n\t\t\t\t\t\t<span class=\"elementor-button-content-wrapper\">\n\t\t\t\t\t\t\t\t\t<span class=\"elementor-button-text\">rezervirajte svoje do\u017eivetje<\/span>\n\t\t\t\t\t<\/span>\n\t\t\t\t\t<\/a>\n\t\t\t\t<\/div>\n\t\t\t\t\t\t\t\t<\/div>\n\t\t\t\t<\/div>\n\t\t\t\t\t<\/div>\n\t\t<\/div>\n\t\t\t\t\t<\/div>\n\t\t<\/section>\n\t\t\t\t\t<\/div>\n\t\t<\/div>\n\t\t\t\t<div class=\"elementor-column elementor-col-33 elementor-top-column elementor-element elementor-element-2a185641\" data-id=\"2a185641\" data-element_type=\"column\">\n\t\t\t<div class=\"elementor-widget-wrap elementor-element-populated\">\n\t\t\t\t\t\t<div class=\"elementor-element elementor-element-1d2da94a elementor-cta--skin-cover elementor-cta--valign-middle elementor-animated-content elementor-widget elementor-widget-call-to-action\" data-id=\"1d2da94a\" data-element_type=\"widget\" data-widget_type=\"call-to-action.default\">\n\t\t\t\t<div class=\"elementor-widget-container\">\n\t\t\t\t\t\t\t<a class=\"elementor-cta\" href=\"https:\/\/www.sonogenesis.info\/sl\/vas\/cudezna-bela-knjiga-2\/\">\n\t\t\t\t\t<div class=\"elementor-cta__bg-wrapper\">\n\t\t\t\t<div class=\"elementor-cta__bg elementor-bg\" style=\"background-image: url(http:\/\/www.sonogenesis.info\/wp-content\/uploads\/2023\/03\/318631513_593543835911603_3722171307172221353_n.jpg);\" role=\"img\" aria-label=\"318631513_593543835911603_3722171307172221353_n\"><\/div>\n\t\t\t\t<div class=\"elementor-cta__bg-overlay\"><\/div>\n\t\t\t<\/div>\n\t\t\t\t\t\t\t<div class=\"elementor-cta__content\">\n\t\t\t\t\n\t\t\t\t\t\t\t\t\t<h3 class=\"elementor-cta__title elementor-cta__content-item elementor-content-item elementor-animated-item--shrink\">\n\t\t\t\t\t\t\u010cude\u017e ?\t\t\t\t\t<\/h3>\n\t\t\t\t\n\t\t\t\t\n\t\t\t\t\t\t\t<\/div>\n\t\t\t\t\t\t<\/a>\n\t\t\t\t\t\t<\/div>\n\t\t\t\t<\/div>\n\t\t\t\t<section class=\"elementor-section elementor-inner-section elementor-element elementor-element-16675b36 elementor-section-full_width elementor-section-height-default elementor-section-height-default\" data-id=\"16675b36\" data-element_type=\"section\">\n\t\t\t\t\t\t<div class=\"elementor-container elementor-column-gap-no\">\n\t\t\t\t\t<div class=\"elementor-column elementor-col-100 elementor-inner-column elementor-element elementor-element-2f254fcf\" data-id=\"2f254fcf\" data-element_type=\"column\">\n\t\t\t<div class=\"elementor-widget-wrap elementor-element-populated\">\n\t\t\t\t\t\t<div class=\"elementor-element elementor-element-26b1034c elementor-widget elementor-widget-text-editor\" data-id=\"26b1034c\" data-element_type=\"widget\" data-widget_type=\"text-editor.default\">\n\t\t\t\t<div class=\"elementor-widget-container\">\n\t\t\t\t\t\t\t\t\t<p>\"Bistvo in \u010darobnost zvoka SONOGENESIS je v njegovih edinstvenih vibracijah, ki so nelo\u010dljivo povezane z naravo. Frekvence resonirajo na celi\u010dni ravni in povzro\u010dajo intenzivne fizi\u010dne reakcije. <br \/>Z navdu\u0161enjem raziskujemo, kako lahko z uporabo taktilne tehnologije raz\u0161irimo svoje zaznavanje in ustvarimo edinstvene teksture, katerih namen je izbolj\u0161ati \u010dlovekovo po\u010dutje. Na\u0161a vibroakusti\u010dna terapija je del tega raziskovanja. <br \/>Ne gre za \u010dude\u017e, temve\u010d za delovanje fizike, biologije in psihologije.\"<\/p><p><a href=\"mailto:info@sonogenesis.info\">Zlatko Kri\u017ean<\/a><\/p>\t\t\t\t\t\t\t\t<\/div>\n\t\t\t\t<\/div>\n\t\t\t\t<div class=\"elementor-element elementor-element-473f6dc2 elementor-align-justify elementor-widget elementor-widget-button\" data-id=\"473f6dc2\" data-element_type=\"widget\" data-widget_type=\"button.default\">\n\t\t\t\t<div class=\"elementor-widget-container\">\n\t\t\t\t\t\t\t\t\t<div class=\"elementor-button-wrapper\">\n\t\t\t\t\t<a class=\"elementor-button elementor-button-link elementor-size-lg\" href=\"https:\/\/www.sonogenesis.info\/sl\/vas\/rezervacija\/\" target=\"_blank\">\n\t\t\t\t\t\t<span class=\"elementor-button-content-wrapper\">\n\t\t\t\t\t\t\t\t\t<span class=\"elementor-button-text\">rezervirajte svoje do\u017eivetje<\/span>\n\t\t\t\t\t<\/span>\n\t\t\t\t\t<\/a>\n\t\t\t\t<\/div>\n\t\t\t\t\t\t\t\t<\/div>\n\t\t\t\t<\/div>\n\t\t\t\t\t<\/div>\n\t\t<\/div>\n\t\t\t\t\t<\/div>\n\t\t<\/section>\n\t\t\t\t\t<\/div>\n\t\t<\/div>\n\t\t\t\t\t<\/div>\n\t\t<\/section>\n\t\t\t\t<section class=\"elementor-section elementor-top-section elementor-element elementor-element-71f8d613 elementor-section-full_width elementor-section-height-default elementor-section-height-default\" data-id=\"71f8d613\" data-element_type=\"section\" data-settings=\"{&quot;background_background&quot;:&quot;classic&quot;}\">\n\t\t\t\t\t\t<div class=\"elementor-container elementor-column-gap-no\">\n\t\t\t\t\t<div class=\"elementor-column elementor-col-100 elementor-top-column elementor-element elementor-element-3a59968a\" data-id=\"3a59968a\" data-element_type=\"column\">\n\t\t\t<div class=\"elementor-widget-wrap\">\n\t\t\t\t\t\t\t<\/div>\n\t\t<\/div>\n\t\t\t\t\t<\/div>\n\t\t<\/section>\n\t\t\t\t<section class=\"elementor-section elementor-top-section elementor-element elementor-element-745983f8 elementor-section-boxed elementor-section-height-default elementor-section-height-default\" data-id=\"745983f8\" data-element_type=\"section\">\n\t\t\t\t\t\t<div class=\"elementor-container elementor-column-gap-no\">\n\t\t\t\t\t<div class=\"elementor-column elementor-col-100 elementor-top-column elementor-element elementor-element-576a535c\" data-id=\"576a535c\" data-element_type=\"column\">\n\t\t\t<div class=\"elementor-widget-wrap elementor-element-populated\">\n\t\t\t\t\t\t<div class=\"elementor-element elementor-element-343875ba elementor-widget elementor-widget-text-editor\" data-id=\"343875ba\" data-element_type=\"widget\" data-widget_type=\"text-editor.default\">\n\t\t\t\t<div class=\"elementor-widget-container\">\n\t\t\t\t\t\t\t\t\t<p>\u00a0<\/p><p><span style=\"font-size: 24pt;\"><strong>Vibroakusti\u010dni studio<\/strong><\/span><br \/>Mladinska ulica 4.c<\/p><p><b>Vuzenica<\/b><\/p><p>Za obisk se lahko dogovorite vsak delovni dan, \u010de pokli\u010dete <br \/><span style=\"font-size: 18pt;\"><strong>031 334 882<\/strong><\/span><br \/>Ali nam pi\u0161ite na naslov <a href=\"mailto:booking@sonogenesis.info\">booking@sonogenesis.info<\/a><\/p><p>Zlatko Kri\u017ean in Majda Cerjak Kri\u017ean vodita VibroAcoustic Studio<\/p>\t\t\t\t\t\t\t\t<\/div>\n\t\t\t\t<\/div>\n\t\t\t\t\t<\/div>\n\t\t<\/div>\n\t\t\t\t\t<\/div>\n\t\t<\/section>\n\t\t\t\t<section class=\"elementor-section elementor-top-section elementor-element elementor-element-70c9e3ff elementor-section-height-min-height elementor-section-items-stretch elementor-section-content-middle elementor-section-boxed elementor-section-height-default\" data-id=\"70c9e3ff\" data-element_type=\"section\" data-settings=\"{&quot;background_background&quot;:&quot;classic&quot;}\">\n\t\t\t\t\t\t<div class=\"elementor-container elementor-column-gap-no\">\n\t\t\t\t\t<div class=\"elementor-column elementor-col-100 elementor-top-column elementor-element elementor-element-266fc476\" data-id=\"266fc476\" data-element_type=\"column\">\n\t\t\t<div class=\"elementor-widget-wrap elementor-element-populated\">\n\t\t\t\t\t\t<div class=\"elementor-element elementor-element-61f40adc elementor-invisible elementor-widget elementor-widget-heading\" data-id=\"61f40adc\" data-element_type=\"widget\" data-settings=\"{&quot;_animation&quot;:&quot;fadeIn&quot;}\" data-widget_type=\"heading.default\">\n\t\t\t\t<div class=\"elementor-widget-container\">\n\t\t\t\t\t<h2 class=\"elementor-heading-title elementor-size-default\">Pripravljeni smo <i> na razvajanje<\/i> <br>  <br> Licenco je potrdil: Ocvirk von Placebo<\/h2>\t\t\t\t<\/div>\n\t\t\t\t<\/div>\n\t\t\t\t\t<\/div>\n\t\t<\/div>\n\t\t\t\t\t<\/div>\n\t\t<\/section>\n\t\t\t\t<section class=\"elementor-section elementor-top-section elementor-element elementor-element-6496d23d elementor-section-full_width elementor-section-height-default elementor-section-height-default\" data-id=\"6496d23d\" data-element_type=\"section\">\n\t\t\t\t\t\t<div class=\"elementor-container elementor-column-gap-no\">\n\t\t\t\t\t<div class=\"elementor-column elementor-col-100 elementor-top-column elementor-element elementor-element-6b0c5212\" data-id=\"6b0c5212\" data-element_type=\"column\">\n\t\t\t<div class=\"elementor-widget-wrap elementor-element-populated\">\n\t\t\t\t\t\t\t<\/div>\n\t\t<\/div>\n\t\t\t\t\t<\/div>\n\t\t<\/section>\n\t\t\t\t<section class=\"elementor-section elementor-top-section elementor-element elementor-element-3d4f829 elementor-section-boxed elementor-section-height-default elementor-section-height-default\" data-id=\"3d4f829\" data-element_type=\"section\">\n\t\t\t\t\t\t<div class=\"elementor-container elementor-column-gap-default\">\n\t\t\t\t\t<div class=\"elementor-column elementor-col-100 elementor-top-column elementor-element elementor-element-9d451fd\" data-id=\"9d451fd\" data-element_type=\"column\">\n\t\t\t<div class=\"elementor-widget-wrap elementor-element-populated\">\n\t\t\t\t\t\t<div data-gbadge=\"{&quot;text&quot;:&quot;Burnout - intro&quot;,&quot;icon&quot;:false}\" class=\"elementor-element elementor-element-ff85911 premium-gbadge-yes premium-gbadge-stripe premium-gbadge-right elementor-widget elementor-widget-wp-widget-media_audio\" data-id=\"ff85911\" data-element_type=\"widget\" data-widget_type=\"wp-widget-media_audio.default\">\n\t\t\t\t<div class=\"elementor-widget-container\">\n\t\t\t\t\t<!--[if lt IE 9]><script>document.createElement('audio');<\/script><![endif]-->\n<audio class=\"wp-audio-shortcode\" id=\"audio-4800-1\" loop preload=\"auto\" style=\"width: 100%;\" controls=\"controls\"><source type=\"audio\/mpeg\" src=\"http:\/\/www.sonogenesis.info\/wp-content\/uploads\/2024\/02\/sg_jingle_opening_session_2023_01.mp3?_=1\" \/><source type=\"audio\/mpeg\" src=\"https:\/\/www.sonogenesis.info\/wp-content\/uploads\/2024\/02\/sg_jingle_opening_session_2023_01.mp3?_=1\" \/><a href=\"http:\/\/www.sonogenesis.info\/wp-content\/uploads\/2024\/02\/sg_jingle_opening_session_2023_01.mp3\">http:\/\/www.sonogenesis.info\/wp-content\/uploads\/2024\/02\/sg_jingle_opening_session_2023_01.mp3<\/a><\/audio>\t\t\t\t<\/div>\n\t\t\t\t<\/div>\n\t\t\t\t\t<\/div>\n\t\t<\/div>\n\t\t\t\t\t<\/div>\n\t\t<\/section>\n\t\t\t\t<\/div>","protected":false},"excerpt":{"rendered":"<p>VIBROACOUSTIC STUDIO pomirjujo\u010de vibracije Dobrodo\u0161li v \u010darobnem svetu Vibroacoustic Studia. Pridru\u017eite se nam v na\u0161em edinstvenem studiu, ki je zasnovan tako, da se po\u010dutite udobno in spro\u0161\u010deno - popoln kraj za pobeg. Na\u0161a ekipa prijaznih strokovnjakov se veseli, da bo lahko poskrbela za vas. Vibroakusti\u010dna terapija Vibroakusti\u010dna terapija je razmeroma novo podro\u010dje \u0161tudija, ki se ukvarja s problematiko vibroakusti\u010dne ... <\/p>\n<p class=\"link-more\"><a href=\"http:\/\/www.sonogenesis.info\/sl\/vas\/\" class=\"more-link\">Preberi ve\u010d<span class=\"screen-reader-text\"> \"Vibroakusti\u010dni studio\"<\/span><\/a><\/p>","protected":false},"author":1,"featured_media":0,"parent":0,"menu_order":0,"comment_status":"closed","ping_status":"closed","template":"","meta":{"pmpro_default_level":"","footnotes":""},"class_list":["post-4800","page","type-page","status-publish","hentry","pmpro-has-access"],"_links":{"self":[{"href":"http:\/\/www.sonogenesis.info\/sl\/wp-json\/wp\/v2\/pages\/4800","targetHints":{"allow":["GET"]}}],"collection":[{"href":"http:\/\/www.sonogenesis.info\/sl\/wp-json\/wp\/v2\/pages"}],"about":[{"href":"http:\/\/www.sonogenesis.info\/sl\/wp-json\/wp\/v2\/types\/page"}],"author":[{"embeddable":true,"href":"http:\/\/www.sonogenesis.info\/sl\/wp-json\/wp\/v2\/users\/1"}],"replies":[{"embeddable":true,"href":"http:\/\/www.sonogenesis.info\/sl\/wp-json\/wp\/v2\/comments?post=4800"}],"version-history":[{"count":85,"href":"http:\/\/www.sonogenesis.info\/sl\/wp-json\/wp\/v2\/pages\/4800\/revisions"}],"predecessor-version":[{"id":5099,"href":"http:\/\/www.sonogenesis.info\/sl\/wp-json\/wp\/v2\/pages\/4800\/revisions\/5099"}],"wp:attachment":[{"href":"http:\/\/www.sonogenesis.info\/sl\/wp-json\/wp\/v2\/media?parent=4800"}],"curies":[{"name":"wp","href":"https:\/\/api.w.org\/{rel}","templated":true}]}}