{"id":176,"date":"2022-12-08T16:43:33","date_gmt":"2022-12-08T15:43:33","guid":{"rendered":"https:\/\/www.sonogenesis.info\/hidden-energy\/"},"modified":"2022-12-13T11:30:55","modified_gmt":"2022-12-13T10:30:55","slug":"skrita-energija","status":"publish","type":"page","link":"https:\/\/www.sonogenesis.info\/sl\/skrita-energija\/","title":{"rendered":"Sonogenesis"},"content":{"rendered":"<div data-elementor-type=\"wp-page\" data-elementor-id=\"176\" class=\"elementor elementor-176\" data-elementor-post-type=\"page\">\n\t\t\t\t\t\t<section class=\"elementor-section elementor-top-section elementor-element elementor-element-55ad0934 elementor-section-height-min-height elementor-section-items-stretch elementor-section-content-middle elementor-section-full_width elementor-section-height-default\" data-id=\"55ad0934\" data-element_type=\"section\" data-settings=\"{&quot;background_background&quot;:&quot;classic&quot;}\">\n\t\t\t\t\t\t<div class=\"elementor-container elementor-column-gap-no\">\n\t\t\t\t\t<div class=\"elementor-column elementor-col-50 elementor-top-column elementor-element elementor-element-6801e55a\" data-id=\"6801e55a\" data-element_type=\"column\">\n\t\t\t<div class=\"elementor-widget-wrap elementor-element-populated\">\n\t\t\t\t\t\t<div class=\"elementor-element elementor-element-7e83855f elementor-widget elementor-widget-heading\" data-id=\"7e83855f\" data-element_type=\"widget\" data-widget_type=\"heading.default\">\n\t\t\t\t<div class=\"elementor-widget-container\">\n\t\t\t\t\t<h3 class=\"elementor-heading-title elementor-size-default\">Dejstva<\/h3>\t\t\t\t<\/div>\n\t\t\t\t<\/div>\n\t\t\t\t<div class=\"elementor-element elementor-element-725ee4a elementor-widget-divider--view-line elementor-invisible elementor-widget elementor-widget-divider\" data-id=\"725ee4a\" data-element_type=\"widget\" data-settings=\"{&quot;_animation&quot;:&quot;fadeInUp&quot;}\" data-widget_type=\"divider.default\">\n\t\t\t\t<div class=\"elementor-widget-container\">\n\t\t\t\t\t\t\t<div class=\"elementor-divider\">\n\t\t\t<span class=\"elementor-divider-separator\">\n\t\t\t\t\t\t<\/span>\n\t\t<\/div>\n\t\t\t\t\t\t<\/div>\n\t\t\t\t<\/div>\n\t\t\t\t<div class=\"elementor-element elementor-element-240d7cec elementor-widget elementor-widget-heading\" data-id=\"240d7cec\" data-element_type=\"widget\" data-widget_type=\"heading.default\">\n\t\t\t\t<div class=\"elementor-widget-container\">\n\t\t\t\t\t<h1 class=\"elementor-heading-title elementor-size-default\">SONOGENEZA<\/h1>\t\t\t\t<\/div>\n\t\t\t\t<\/div>\n\t\t\t\t\t<\/div>\n\t\t<\/div>\n\t\t\t\t<div class=\"elementor-column elementor-col-50 elementor-top-column elementor-element elementor-element-16c21a46\" data-id=\"16c21a46\" data-element_type=\"column\" data-settings=\"{&quot;background_background&quot;:&quot;classic&quot;,&quot;background_motion_fx_motion_fx_scrolling&quot;:&quot;yes&quot;,&quot;background_motion_fx_blur_effect&quot;:&quot;yes&quot;,&quot;background_motion_fx_blur_direction&quot;:&quot;in-out&quot;,&quot;background_motion_fx_blur_range&quot;:{&quot;unit&quot;:&quot;%&quot;,&quot;size&quot;:&quot;&quot;,&quot;sizes&quot;:{&quot;start&quot;:&quot;66&quot;,&quot;end&quot;:&quot;100&quot;}},&quot;background_motion_fx_blur_level&quot;:{&quot;unit&quot;:&quot;px&quot;,&quot;size&quot;:7,&quot;sizes&quot;:[]},&quot;background_motion_fx_devices&quot;:[&quot;desktop&quot;,&quot;tablet&quot;,&quot;mobile&quot;]}\">\n\t\t\t<div class=\"elementor-widget-wrap elementor-element-populated\">\n\t\t\t\t\t\t<div class=\"elementor-element elementor-element-848f1d3 elementor-widget elementor-widget-spacer\" data-id=\"848f1d3\" data-element_type=\"widget\" data-widget_type=\"spacer.default\">\n\t\t\t\t<div class=\"elementor-widget-container\">\n\t\t\t\t\t\t\t<div class=\"elementor-spacer\">\n\t\t\t<div class=\"elementor-spacer-inner\"><\/div>\n\t\t<\/div>\n\t\t\t\t\t\t<\/div>\n\t\t\t\t<\/div>\n\t\t\t\t\t<\/div>\n\t\t<\/div>\n\t\t\t\t\t<\/div>\n\t\t<\/section>\n\t\t\t\t<section class=\"elementor-section elementor-top-section elementor-element elementor-element-78b0c3fa elementor-section-boxed elementor-section-height-default elementor-section-height-default\" data-id=\"78b0c3fa\" data-element_type=\"section\">\n\t\t\t\t\t\t<div class=\"elementor-container elementor-column-gap-no\">\n\t\t\t\t\t<div class=\"elementor-column elementor-col-50 elementor-top-column elementor-element elementor-element-56276188\" data-id=\"56276188\" data-element_type=\"column\">\n\t\t\t<div class=\"elementor-widget-wrap elementor-element-populated\">\n\t\t\t\t\t\t<div class=\"elementor-element elementor-element-263c41aa elementor-widget-divider--view-line elementor-invisible elementor-widget elementor-widget-divider\" data-id=\"263c41aa\" data-element_type=\"widget\" data-settings=\"{&quot;_animation&quot;:&quot;fadeInUp&quot;}\" data-widget_type=\"divider.default\">\n\t\t\t\t<div class=\"elementor-widget-container\">\n\t\t\t\t\t\t\t<div class=\"elementor-divider\">\n\t\t\t<span class=\"elementor-divider-separator\">\n\t\t\t\t\t\t<\/span>\n\t\t<\/div>\n\t\t\t\t\t\t<\/div>\n\t\t\t\t<\/div>\n\t\t\t\t\t<\/div>\n\t\t<\/div>\n\t\t\t\t<div class=\"elementor-column elementor-col-50 elementor-top-column elementor-element elementor-element-6d1875c9\" data-id=\"6d1875c9\" data-element_type=\"column\" data-settings=\"{&quot;background_background&quot;:&quot;classic&quot;}\">\n\t\t\t<div class=\"elementor-widget-wrap elementor-element-populated\">\n\t\t\t\t\t\t<div class=\"elementor-element elementor-element-ce58585 elementor-widget elementor-widget-heading\" data-id=\"ce58585\" data-element_type=\"widget\" data-widget_type=\"heading.default\">\n\t\t\t\t<div class=\"elementor-widget-container\">\n\t\t\t\t\t<h2 class=\"elementor-heading-title elementor-size-default\">Zakulisje<\/h2>\t\t\t\t<\/div>\n\t\t\t\t<\/div>\n\t\t\t\t<div class=\"elementor-element elementor-element-5514da0c elementor-widget elementor-widget-text-editor\" data-id=\"5514da0c\" data-element_type=\"widget\" data-widget_type=\"text-editor.default\">\n\t\t\t\t<div class=\"elementor-widget-container\">\n\t\t\t\t\t\t\t\t\t<p>Zvok nas \u017ee desetletja spremlja pri iskanju skrite energije. Zlatko Kri\u017ean ga \u017ee trideset let raziskuje, spreminja, oblikuje, gnete kot glino ... Recimo, da se ob vsej skepsi zaveda, da je \u0161ele na za\u010detku znanja.<\/p><p>Pomembno je, da vibrira in da valovi...<\/p><p><strong>Skrita energija<\/strong>\u00a0je ve\u010dletna sinergija, preplet misli in dejanj. Pot do njega je bila polna vzponov in padcev. Bilo je nihanje med tem, kar mora\u0161 narediti, in tem, kar bi rad...\u00a0<em>Skrita energija je poetika veselja in tudi \u017ealosti.<\/em>\u00a0Predvsem pa je odkrivanje skritega tisto, kar v vsem tem vrve\u017eu \u017eivljenja premika svet naprej. To so rezerve, s katerimi \u017eivimo, a se jih ne zavedamo. V mo\u017eganih preprosto ne moremo razlikovati, kaj je naravno, nujno in nepotrebno!<\/p><p>Govorimo o trajnosti in ve\u010dnem prizadevanju za skladnost. Vse to je\u00a0<strong>Skrita energija<\/strong>v obnovljivih virih energije, \u010dlove\u0161kem telesu, naravi ali skupnosti vseh \u017eivih bitij. Skrite energije je povsod v izobilju, le odkriti in uporabiti jo je treba.<\/p><p><strong><a href=\"http:\/\/www.hidden-energy.eu\" target=\"_blank\" rel=\"noopener\">Hidden Energy plc<\/a> |\u00a0<a href=\"http:\/\/www.skrita-energija.si\/\" target=\"_blank\" rel=\"noopener noreferrer\">Zavod Skrita Energija, so.p.<\/a><\/strong><\/p>\t\t\t\t\t\t\t\t<\/div>\n\t\t\t\t<\/div>\n\t\t\t\t\t<\/div>\n\t\t<\/div>\n\t\t\t\t\t<\/div>\n\t\t<\/section>\n\t\t\t\t<section class=\"elementor-section elementor-top-section elementor-element elementor-element-5077c06f elementor-section-full_width elementor-section-height-default elementor-section-height-default\" data-id=\"5077c06f\" data-element_type=\"section\">\n\t\t\t\t\t\t<div class=\"elementor-container elementor-column-gap-no\">\n\t\t\t\t\t<div class=\"elementor-column elementor-col-100 elementor-top-column elementor-element elementor-element-6a78d794\" data-id=\"6a78d794\" data-element_type=\"column\">\n\t\t\t<div class=\"elementor-widget-wrap\">\n\t\t\t\t\t\t\t<\/div>\n\t\t<\/div>\n\t\t\t\t\t<\/div>\n\t\t<\/section>\n\t\t\t\t<\/div>","protected":false},"excerpt":{"rendered":"<p>Dejstvo SONOGENEZA V ozadju Zvok nas \u017ee desetletja spremlja pri iskanju skrite energije. Zlatko Kri\u017ean ga \u017ee trideset let raziskuje, spreminja, oblikuje, gnete kot glino ... Recimo, da se ob vsej skepsi zaveda, da je \u0161ele na za\u010detku znanja. Pomembno je ... <\/p>\n<p class=\"link-more\"><a href=\"https:\/\/www.sonogenesis.info\/sl\/skrita-energija\/\" class=\"more-link\">Preberi ve\u010d<span class=\"screen-reader-text\"> \"Sonogenesis\"<\/span><\/a><\/p>","protected":false},"author":1,"featured_media":179,"parent":0,"menu_order":7,"comment_status":"closed","ping_status":"closed","template":"elementor_header_footer","meta":{"pmpro_default_level":"","footnotes":""},"class_list":["post-176","page","type-page","status-publish","has-post-thumbnail","hentry","pmpro-has-access"],"_links":{"self":[{"href":"https:\/\/www.sonogenesis.info\/sl\/wp-json\/wp\/v2\/pages\/176","targetHints":{"allow":["GET"]}}],"collection":[{"href":"https:\/\/www.sonogenesis.info\/sl\/wp-json\/wp\/v2\/pages"}],"about":[{"href":"https:\/\/www.sonogenesis.info\/sl\/wp-json\/wp\/v2\/types\/page"}],"author":[{"embeddable":true,"href":"https:\/\/www.sonogenesis.info\/sl\/wp-json\/wp\/v2\/users\/1"}],"replies":[{"embeddable":true,"href":"https:\/\/www.sonogenesis.info\/sl\/wp-json\/wp\/v2\/comments?post=176"}],"version-history":[{"count":10,"href":"https:\/\/www.sonogenesis.info\/sl\/wp-json\/wp\/v2\/pages\/176\/revisions"}],"predecessor-version":[{"id":464,"href":"https:\/\/www.sonogenesis.info\/sl\/wp-json\/wp\/v2\/pages\/176\/revisions\/464"}],"wp:featuredmedia":[{"embeddable":true,"href":"https:\/\/www.sonogenesis.info\/sl\/wp-json\/wp\/v2\/media\/179"}],"wp:attachment":[{"href":"https:\/\/www.sonogenesis.info\/sl\/wp-json\/wp\/v2\/media?parent=176"}],"curies":[{"name":"wp","href":"https:\/\/api.w.org\/{rel}","templated":true}]}}