{"id":201,"date":"2022-12-08T16:43:34","date_gmt":"2022-12-08T15:43:34","guid":{"rendered":"https:\/\/www.sonogenesis.info\/instructions-and-recommendations\/"},"modified":"2023-03-18T09:17:54","modified_gmt":"2023-03-18T08:17:54","slug":"navodila-in-priporocila","status":"publish","type":"page","link":"https:\/\/www.sonogenesis.info\/sl\/slusni-in-taktilni-drazljaji\/navodila-in-priporocila\/","title":{"rendered":"Navodila in priporo\u010dila"},"content":{"rendered":"<div data-elementor-type=\"wp-page\" data-elementor-id=\"201\" class=\"elementor elementor-201\" data-elementor-post-type=\"page\">\n\t\t\t\t\t\t<section class=\"elementor-section elementor-top-section elementor-element elementor-element-2869d1ac elementor-section-height-min-height elementor-section-items-stretch elementor-section-content-middle elementor-section-full_width elementor-section-height-default\" data-id=\"2869d1ac\" data-element_type=\"section\" data-settings=\"{&quot;background_background&quot;:&quot;classic&quot;}\">\n\t\t\t\t\t\t<div class=\"elementor-container elementor-column-gap-no\">\n\t\t\t\t\t<div class=\"elementor-column elementor-col-50 elementor-top-column elementor-element elementor-element-5d9590b2\" data-id=\"5d9590b2\" data-element_type=\"column\">\n\t\t\t<div class=\"elementor-widget-wrap elementor-element-populated\">\n\t\t\t\t\t\t<div class=\"elementor-element elementor-element-2931478d elementor-widget elementor-widget-heading\" data-id=\"2931478d\" data-element_type=\"widget\" data-widget_type=\"heading.default\">\n\t\t\t\t<div class=\"elementor-widget-container\">\n\t\t\t\t\t<h3 class=\"elementor-heading-title elementor-size-default\">Nesmiseln izum vro\u010de vode<\/h3>\t\t\t\t<\/div>\n\t\t\t\t<\/div>\n\t\t\t\t<div class=\"elementor-element elementor-element-78a26ed5 elementor-widget-divider--view-line elementor-invisible elementor-widget elementor-widget-divider\" data-id=\"78a26ed5\" data-element_type=\"widget\" data-settings=\"{&quot;_animation&quot;:&quot;fadeInUp&quot;}\" data-widget_type=\"divider.default\">\n\t\t\t\t<div class=\"elementor-widget-container\">\n\t\t\t\t\t\t\t<div class=\"elementor-divider\">\n\t\t\t<span class=\"elementor-divider-separator\">\n\t\t\t\t\t\t<\/span>\n\t\t<\/div>\n\t\t\t\t\t\t<\/div>\n\t\t\t\t<\/div>\n\t\t\t\t<div class=\"elementor-element elementor-element-293331a8 elementor-widget elementor-widget-heading\" data-id=\"293331a8\" data-element_type=\"widget\" data-widget_type=\"heading.default\">\n\t\t\t\t<div class=\"elementor-widget-container\">\n\t\t\t\t\t<h1 class=\"elementor-heading-title elementor-size-default\">Navodila in priporo\u010dila<\/h1>\t\t\t\t<\/div>\n\t\t\t\t<\/div>\n\t\t\t\t\t<\/div>\n\t\t<\/div>\n\t\t\t\t<div class=\"elementor-column elementor-col-50 elementor-top-column elementor-element elementor-element-434329d8\" data-id=\"434329d8\" data-element_type=\"column\" data-settings=\"{&quot;background_background&quot;:&quot;classic&quot;,&quot;background_motion_fx_motion_fx_scrolling&quot;:&quot;yes&quot;,&quot;background_motion_fx_blur_effect&quot;:&quot;yes&quot;,&quot;background_motion_fx_blur_direction&quot;:&quot;in-out&quot;,&quot;background_motion_fx_blur_range&quot;:{&quot;unit&quot;:&quot;%&quot;,&quot;size&quot;:&quot;&quot;,&quot;sizes&quot;:{&quot;start&quot;:&quot;66&quot;,&quot;end&quot;:&quot;100&quot;}},&quot;background_motion_fx_blur_level&quot;:{&quot;unit&quot;:&quot;px&quot;,&quot;size&quot;:7,&quot;sizes&quot;:[]},&quot;background_motion_fx_devices&quot;:[&quot;desktop&quot;,&quot;tablet&quot;,&quot;mobile&quot;]}\">\n\t\t\t<div class=\"elementor-widget-wrap elementor-element-populated\">\n\t\t\t\t\t\t<div class=\"elementor-element elementor-element-2c883f67 elementor-widget elementor-widget-spacer\" data-id=\"2c883f67\" data-element_type=\"widget\" data-widget_type=\"spacer.default\">\n\t\t\t\t<div class=\"elementor-widget-container\">\n\t\t\t\t\t\t\t<div class=\"elementor-spacer\">\n\t\t\t<div class=\"elementor-spacer-inner\"><\/div>\n\t\t<\/div>\n\t\t\t\t\t\t<\/div>\n\t\t\t\t<\/div>\n\t\t\t\t\t<\/div>\n\t\t<\/div>\n\t\t\t\t\t<\/div>\n\t\t<\/section>\n\t\t\t\t<section class=\"elementor-section elementor-top-section elementor-element elementor-element-6e744bf elementor-section-boxed elementor-section-height-default elementor-section-height-default\" data-id=\"6e744bf\" data-element_type=\"section\">\n\t\t\t\t\t\t<div class=\"elementor-container elementor-column-gap-no\">\n\t\t\t\t\t<div class=\"elementor-column elementor-col-50 elementor-top-column elementor-element elementor-element-44b651c8\" data-id=\"44b651c8\" data-element_type=\"column\">\n\t\t\t<div class=\"elementor-widget-wrap elementor-element-populated\">\n\t\t\t\t\t\t<div class=\"elementor-element elementor-element-30adc6d7 elementor-widget-divider--view-line elementor-invisible elementor-widget elementor-widget-divider\" data-id=\"30adc6d7\" data-element_type=\"widget\" data-settings=\"{&quot;_animation&quot;:&quot;fadeInUp&quot;}\" data-widget_type=\"divider.default\">\n\t\t\t\t<div class=\"elementor-widget-container\">\n\t\t\t\t\t\t\t<div class=\"elementor-divider\">\n\t\t\t<span class=\"elementor-divider-separator\">\n\t\t\t\t\t\t<\/span>\n\t\t<\/div>\n\t\t\t\t\t\t<\/div>\n\t\t\t\t<\/div>\n\t\t\t\t\t<\/div>\n\t\t<\/div>\n\t\t\t\t<div class=\"elementor-column elementor-col-50 elementor-top-column elementor-element elementor-element-4127fffd\" data-id=\"4127fffd\" data-element_type=\"column\" data-settings=\"{&quot;background_background&quot;:&quot;classic&quot;}\">\n\t\t\t<div class=\"elementor-widget-wrap elementor-element-populated\">\n\t\t\t\t\t\t<div class=\"elementor-element elementor-element-1f0803a5 elementor-widget elementor-widget-heading\" data-id=\"1f0803a5\" data-element_type=\"widget\" data-widget_type=\"heading.default\">\n\t\t\t\t<div class=\"elementor-widget-container\">\n\t\t\t\t\t<h2 class=\"elementor-heading-title elementor-size-default\">\u010cude\u017enega zdravila ni<\/h2>\t\t\t\t<\/div>\n\t\t\t\t<\/div>\n\t\t\t\t<div class=\"elementor-element elementor-element-79d5c58e elementor-widget elementor-widget-text-editor\" data-id=\"79d5c58e\" data-element_type=\"widget\" data-widget_type=\"text-editor.default\">\n\t\t\t\t<div class=\"elementor-widget-container\">\n\t\t\t\t\t\t\t\t\t<p>Izgovor, da nimate \u010dasa, je eden od razlogov, da ste danes s svojim zdravjem tam, kjer si ne \u017eelite biti!<\/p><p>Ne trdimo, da imate na voljo neskon\u010dno \u010dasa! Lahko pa vam zagotovimo, da ga imate prav toliko, kot ste ga imeli, ko ste se zapletli v zdravstvene te\u017eave.<\/p><p><strong>Bodite potrpe\u017eljivi!<\/strong>\u00a0Ne gredo v skrajnosti, ne pritiskajo nase in ne \u017eivijo v la\u017enem upanju!<\/p>\t\t\t\t\t\t\t\t<\/div>\n\t\t\t\t<\/div>\n\t\t\t\t\t<\/div>\n\t\t<\/div>\n\t\t\t\t\t<\/div>\n\t\t<\/section>\n\t\t\t\t<section class=\"elementor-section elementor-top-section elementor-element elementor-element-d65c9cd elementor-section-full_width elementor-section-height-default elementor-section-height-default\" data-id=\"d65c9cd\" data-element_type=\"section\">\n\t\t\t\t\t\t<div class=\"elementor-container elementor-column-gap-no\">\n\t\t\t\t\t<div class=\"elementor-column elementor-col-100 elementor-top-column elementor-element elementor-element-20f513a9\" data-id=\"20f513a9\" data-element_type=\"column\">\n\t\t\t<div class=\"elementor-widget-wrap elementor-element-populated\">\n\t\t\t\t\t\t<section class=\"elementor-section elementor-inner-section elementor-element elementor-element-6834d9ba elementor-section-full_width elementor-section-content-middle elementor-section-height-default elementor-section-height-default\" data-id=\"6834d9ba\" data-element_type=\"section\">\n\t\t\t\t\t\t<div class=\"elementor-container elementor-column-gap-no\">\n\t\t\t\t\t<div class=\"elementor-column elementor-col-50 elementor-inner-column elementor-element elementor-element-3a171af1\" data-id=\"3a171af1\" data-element_type=\"column\" data-settings=\"{&quot;background_background&quot;:&quot;gradient&quot;}\">\n\t\t\t<div class=\"elementor-widget-wrap elementor-element-populated\">\n\t\t\t\t\t\t<div class=\"elementor-element elementor-element-594a43b elementor-cta--layout-image-above elementor-cta--skin-classic elementor-animated-content elementor-bg-transform elementor-bg-transform-zoom-in elementor-widget elementor-widget-call-to-action\" data-id=\"594a43b\" data-element_type=\"widget\" data-widget_type=\"call-to-action.default\">\n\t\t\t\t<div class=\"elementor-widget-container\">\n\t\t\t\t\t\t\t<div class=\"elementor-cta\">\n\t\t\t\t\t<div class=\"elementor-cta__bg-wrapper\">\n\t\t\t\t<div class=\"elementor-cta__bg elementor-bg\" style=\"background-image: url(https:\/\/www.sonogenesis.info\/wp-content\/uploads\/2023\/02\/sg_mix_01.png);\" role=\"img\" aria-label=\"sg_mix_01\"><\/div>\n\t\t\t\t<div class=\"elementor-cta__bg-overlay\"><\/div>\n\t\t\t<\/div>\n\t\t\t\t\t\t\t\t<\/div>\n\t\t\t\t\t\t<\/div>\n\t\t\t\t<\/div>\n\t\t\t\t\t<\/div>\n\t\t<\/div>\n\t\t\t\t<div class=\"elementor-column elementor-col-50 elementor-inner-column elementor-element elementor-element-3bc1750\" data-id=\"3bc1750\" data-element_type=\"column\" data-settings=\"{&quot;background_background&quot;:&quot;classic&quot;}\">\n\t\t\t<div class=\"elementor-widget-wrap elementor-element-populated\">\n\t\t\t\t\t\t<div class=\"elementor-element elementor-element-2a416b78 elementor-widget elementor-widget-heading\" data-id=\"2a416b78\" data-element_type=\"widget\" data-widget_type=\"heading.default\">\n\t\t\t\t<div class=\"elementor-widget-container\">\n\t\t\t\t\t<h2 class=\"elementor-heading-title elementor-size-default\">Priporo\u010damo.<\/h2>\t\t\t\t<\/div>\n\t\t\t\t<\/div>\n\t\t\t\t<div class=\"elementor-element elementor-element-2b7d3a28 elementor-widget elementor-widget-heading\" data-id=\"2b7d3a28\" data-element_type=\"widget\" data-widget_type=\"heading.default\">\n\t\t\t\t<div class=\"elementor-widget-container\">\n\t\t\t\t\t<p class=\"elementor-heading-title elementor-size-default\">Varno in udobno okolje<\/p>\t\t\t\t<\/div>\n\t\t\t\t<\/div>\n\t\t\t\t<div class=\"elementor-element elementor-element-50f585fe elementor-widget elementor-widget-text-editor\" data-id=\"50f585fe\" data-element_type=\"widget\" data-widget_type=\"text-editor.default\">\n\t\t\t\t<div class=\"elementor-widget-container\">\n\t\t\t\t\t\t\t\t\t<p><strong style=\"color: var( --e-global-color-7d49f23 ); font-family: var( --e-global-typography-text-font-family ), Sans-serif; font-size: var( --e-global-typography-text-font-size ); font-style: var( --e-global-typography-text-font-style ); letter-spacing: var( --e-global-typography-text-letter-spacing ); text-transform: var( --e-global-typography-text-text-transform ); background-color: var( --e-global-color-primary );\">Kratka navodila:<\/strong><\/p><p>- <strong>Najbolj\u0161a re\u0161itev je<\/strong> (na\u0161 program je temu prilagojen) za uporabo <a href=\"https:\/\/www.sonogenesis.info\/sl\/rojeni-za-obcutke\/\">WOOJER<\/a>\u00a0s kakovostnimi slu\u0161alkami.<\/p><p>- Uporabite slu\u0161alke, cena ne sme biti odlo\u010dilni dejavnik (dobra re\u0161itev: Beyerdynamic DT 770 PRO ali Sennheiser HD 400 PRO ali Momentum wireless).<\/p><p><br \/>- Za dejavnosti v naravnem okolju priporo\u010damo slu\u0161alke s kostno prevodnostjo (dobra re\u0161itev: Shokz).<\/p><p>- Glasnost naj bo prijetna glede na va\u0161e osebne \u017eelje. Bodite pozorni na glasnost zvoka in kakovost zvoka z izbolj\u0161animi nizkimi toni<\/p>\t\t\t\t\t\t\t\t<\/div>\n\t\t\t\t<\/div>\n\t\t\t\t<div class=\"elementor-element elementor-element-632c65d elementor-widget elementor-widget-text-editor\" data-id=\"632c65d\" data-element_type=\"widget\" data-widget_type=\"text-editor.default\">\n\t\t\t\t<div class=\"elementor-widget-container\">\n\t\t\t\t\t\t\t\t\t<p><span style=\"font-size: 12pt;\"><strong>Pred postopkom:<\/strong><\/span><\/p><p><span style=\"font-size: 12pt;\">Svetujemo vam, da spijete kozarec vode.<\/span><\/p><p><span style=\"font-size: 12pt;\"><strong>Med postopkom<\/strong><\/span><\/p><p><span style=\"font-size: 12pt;\">Globoko dihajte, poskusite se sprostiti in razbremeniti.<\/span><\/p><p><span style=\"font-size: 12pt;\">Upo\u0161tevajte udobje - \u017eelja po sedenju ali le\u017eanju, polo\u017eaj postelje ali sede\u017ea, vzdu\u0161je in temperatura v sobi.<\/span><\/p>\t\t\t\t\t\t\t\t<\/div>\n\t\t\t\t<\/div>\n\t\t\t\t<div class=\"elementor-element elementor-element-dae169b elementor-widget elementor-widget-text-editor\" data-id=\"dae169b\" data-element_type=\"widget\" data-widget_type=\"text-editor.default\">\n\t\t\t\t<div class=\"elementor-widget-container\">\n\t\t\t\t\t\t\t\t\t<p><strong>Dramaturgija<\/strong><\/p><p>Vsaka terapija ima na samem za\u010detku vgrajen \"jingle\". Trajala je tri minute in vam omogo\u010da, da namestite in nastavite svojo opremo. Na voljo imate dovolj \u010dasa, da se sprostite in fizi\u010dno umirite, da lahko za\u010dnete terapijo. Zvok vam bo pomagal sprostiti um za la\u017eji prehod v \"meditativno\" stanje. Ko zaznate spremembo v zvo\u010dnem ozadju, se takrat terapija dejansko za\u010dne. Konec terapije boste zaznali, ko bo zvo\u010dno kuliso zamenjala zadnja melodija. To so zadnje tri minute, ki vas bodo prizemljile in vam omogo\u010dile po\u010dasen prehod v stanje po terapiji.<\/p>\t\t\t\t\t\t\t\t<\/div>\n\t\t\t\t<\/div>\n\t\t\t\t\t<\/div>\n\t\t<\/div>\n\t\t\t\t\t<\/div>\n\t\t<\/section>\n\t\t\t\t<section class=\"elementor-section elementor-inner-section elementor-element elementor-element-3ef23275 elementor-section-full_width elementor-section-content-middle elementor-section-height-default elementor-section-height-default\" data-id=\"3ef23275\" data-element_type=\"section\">\n\t\t\t\t\t\t<div class=\"elementor-container elementor-column-gap-no\">\n\t\t\t\t\t<div class=\"elementor-column elementor-col-50 elementor-inner-column elementor-element elementor-element-45884f3a\" data-id=\"45884f3a\" data-element_type=\"column\" data-settings=\"{&quot;background_background&quot;:&quot;gradient&quot;}\">\n\t\t\t<div class=\"elementor-widget-wrap elementor-element-populated\">\n\t\t\t\t\t\t<div class=\"elementor-element elementor-element-75c2aee8 elementor-cta--skin-classic elementor-animated-content elementor-bg-transform elementor-bg-transform-zoom-in elementor-widget elementor-widget-call-to-action\" data-id=\"75c2aee8\" data-element_type=\"widget\" data-widget_type=\"call-to-action.default\">\n\t\t\t\t<div class=\"elementor-widget-container\">\n\t\t\t\t\t\t\t<div class=\"elementor-cta\">\n\t\t\t\t\t<div class=\"elementor-cta__bg-wrapper\">\n\t\t\t\t<div class=\"elementor-cta__bg elementor-bg\" style=\"background-image: url(https:\/\/www.sonogenesis.info\/wp-content\/uploads\/2022\/12\/1_OsygifOCVqDCIx6M6mMLGw.jpeg);\" role=\"img\" aria-label=\"1_OsygifOCVqDCIx6M6mMLGw.jpeg\"><\/div>\n\t\t\t\t<div class=\"elementor-cta__bg-overlay\"><\/div>\n\t\t\t<\/div>\n\t\t\t\t\t\t\t\t<\/div>\n\t\t\t\t\t\t<\/div>\n\t\t\t\t<\/div>\n\t\t\t\t\t<\/div>\n\t\t<\/div>\n\t\t\t\t<div class=\"elementor-column elementor-col-50 elementor-inner-column elementor-element elementor-element-137264\" data-id=\"137264\" data-element_type=\"column\" data-settings=\"{&quot;background_background&quot;:&quot;classic&quot;}\">\n\t\t\t<div class=\"elementor-widget-wrap elementor-element-populated\">\n\t\t\t\t\t\t<div class=\"elementor-element elementor-element-317563c8 elementor-widget elementor-widget-heading\" data-id=\"317563c8\" data-element_type=\"widget\" data-widget_type=\"heading.default\">\n\t\t\t\t<div class=\"elementor-widget-container\">\n\t\t\t\t\t<h2 class=\"elementor-heading-title elementor-size-default\">Ne priporo\u010damo<\/h2>\t\t\t\t<\/div>\n\t\t\t\t<\/div>\n\t\t\t\t<div class=\"elementor-element elementor-element-2de3302f elementor-widget elementor-widget-heading\" data-id=\"2de3302f\" data-element_type=\"widget\" data-widget_type=\"heading.default\">\n\t\t\t\t<div class=\"elementor-widget-container\">\n\t\t\t\t\t<p class=\"elementor-heading-title elementor-size-default\">Manj je ve\u010d - ne pretiravajte!<\/p>\t\t\t\t<\/div>\n\t\t\t\t<\/div>\n\t\t\t\t<div class=\"elementor-element elementor-element-37f60890 elementor-widget elementor-widget-text-editor\" data-id=\"37f60890\" data-element_type=\"widget\" data-widget_type=\"text-editor.default\">\n\t\t\t\t<div class=\"elementor-widget-container\">\n\t\t\t\t\t\t\t\t\t<p><strong>Ne uporabljajte poceni tehnologije.<\/strong><\/p><p>Posebno pozornost je treba nameniti primerom:<\/p><p>- med vo\u017enjo avtomobila ali upravljanjem nevarnih strojev.<br \/>- osebe pod vplivom alkohola in opiatov.<br \/>- Nose\u010dnice, epileptiki in otroci, mlaj\u0161i od 4 let.<\/p>\t\t\t\t\t\t\t\t<\/div>\n\t\t\t\t<\/div>\n\t\t\t\t<div class=\"elementor-element elementor-element-650e2038 elementor-widget elementor-widget-text-editor\" data-id=\"650e2038\" data-element_type=\"widget\" data-widget_type=\"text-editor.default\">\n\t\t\t\t<div class=\"elementor-widget-container\">\n\t\t\t\t\t\t\t\t\t<p><strong>Ne podcenjujte zvoka.<\/strong><\/p><p><br \/>Na\u0161i mo\u017egani nas lahko zavedejo, ker preusmerijo na\u0161o pozornost na nezavedno raven. Vendar telo \u0161e vedno zaznava vibracije, ki niso dobre za na\u0161e zdravje.<\/p><p><br \/>\u017divimo v okolju.\u00a0 <strong>onesna\u017eeni s hrupom<\/strong>, to ne vpliva pozitivno na na\u0161e po\u010dutje.<\/p>\t\t\t\t\t\t\t\t<\/div>\n\t\t\t\t<\/div>\n\t\t\t\t\t<\/div>\n\t\t<\/div>\n\t\t\t\t\t<\/div>\n\t\t<\/section>\n\t\t\t\t<section class=\"elementor-section elementor-inner-section elementor-element elementor-element-31052de elementor-section-full_width elementor-section-content-middle elementor-section-height-default elementor-section-height-default\" data-id=\"31052de\" data-element_type=\"section\">\n\t\t\t\t\t\t<div class=\"elementor-container elementor-column-gap-no\">\n\t\t\t\t\t<div class=\"elementor-column elementor-col-50 elementor-inner-column elementor-element elementor-element-2ea26a9d\" data-id=\"2ea26a9d\" data-element_type=\"column\" data-settings=\"{&quot;background_background&quot;:&quot;gradient&quot;}\">\n\t\t\t<div class=\"elementor-widget-wrap elementor-element-populated\">\n\t\t\t\t\t\t<div class=\"elementor-element elementor-element-3f29387c elementor-cta--skin-classic elementor-animated-content elementor-bg-transform elementor-bg-transform-zoom-in elementor-widget elementor-widget-call-to-action\" data-id=\"3f29387c\" data-element_type=\"widget\" data-widget_type=\"call-to-action.default\">\n\t\t\t\t<div class=\"elementor-widget-container\">\n\t\t\t\t\t\t\t<div class=\"elementor-cta\">\n\t\t\t\t\t<div class=\"elementor-cta__bg-wrapper\">\n\t\t\t\t<div class=\"elementor-cta__bg elementor-bg\" style=\"background-image: url(https:\/\/www.sonogenesis.info\/wp-content\/uploads\/2022\/12\/language-psychosis-neurosciences.jpeg);\" role=\"img\" aria-label=\"jezik-psihoza-nevroznanosti.jpeg\"><\/div>\n\t\t\t\t<div class=\"elementor-cta__bg-overlay\"><\/div>\n\t\t\t<\/div>\n\t\t\t\t\t\t\t\t<\/div>\n\t\t\t\t\t\t<\/div>\n\t\t\t\t<\/div>\n\t\t\t\t\t<\/div>\n\t\t<\/div>\n\t\t\t\t<div class=\"elementor-column elementor-col-50 elementor-inner-column elementor-element elementor-element-10f7832e\" data-id=\"10f7832e\" data-element_type=\"column\" data-settings=\"{&quot;background_background&quot;:&quot;classic&quot;}\">\n\t\t\t<div class=\"elementor-widget-wrap elementor-element-populated\">\n\t\t\t\t\t\t<div class=\"elementor-element elementor-element-1bb0998b elementor-widget elementor-widget-heading\" data-id=\"1bb0998b\" data-element_type=\"widget\" data-widget_type=\"heading.default\">\n\t\t\t\t<div class=\"elementor-widget-container\">\n\t\t\t\t\t<h2 class=\"elementor-heading-title elementor-size-default\">Izjava o omejitvi odgovornosti za zdravje<\/h2>\t\t\t\t<\/div>\n\t\t\t\t<\/div>\n\t\t\t\t<div class=\"elementor-element elementor-element-7b8c9007 elementor-widget elementor-widget-text-editor\" data-id=\"7b8c9007\" data-element_type=\"widget\" data-widget_type=\"text-editor.default\">\n\t\t\t\t<div class=\"elementor-widget-container\">\n\t\t\t\t\t\t\t\t\t<p>Informacije, med drugim besedilo, grafike, slike in drugo gradivo na tem spletnem mestu, so zgolj informativne narave. Namen tega spletnega mesta je spodbujati \u0161iroko razumevanje in poznavanje razli\u010dnih zdravstvenih tem s strani potro\u0161nikov. Ni namenjeno kot nadomestilo za strokovni zdravni\u0161ki nasvet, diagnozo ali zdravljenje. Vedno se posvetujte s svojim zdravnikom ali drugim usposobljenim ponudnikom zdravstvenih storitev, \u010de imate vpra\u0161anja v zvezi z zdravstvenim stanjem ali zdravljenjem, in preden se lotite novega zdravstvenega re\u017eima, ter nikoli ne zanemarite strokovnega zdravni\u0161kega nasveta ali odla\u0161ajte z njegovo uporabo zaradi ne\u010desa, kar ste prebrali na tem spletnem mestu.<\/p><p>\u010ce \u017eelite ve\u010d informacij, se obrnite na nas na naslovu\u00a0<a href=\"mailto:info@sonogenesis.info\">info@sonogenesis.info<\/a><\/p>\t\t\t\t\t\t\t\t<\/div>\n\t\t\t\t<\/div>\n\t\t\t\t<div class=\"elementor-element elementor-element-3a40e2f6 elementor-widget elementor-widget-text-editor\" data-id=\"3a40e2f6\" data-element_type=\"widget\" data-widget_type=\"text-editor.default\">\n\t\t\t\t<div class=\"elementor-widget-container\">\n\t\t\t\t\t\t\t\t\t<p>\u010ce \u017eelite izvedeti ve\u010d informacij, se obrnite na nas na <a href=\"mailto:info@sonogenesis.info\">info@sonogenesis.info<\/a><\/p>\t\t\t\t\t\t\t\t<\/div>\n\t\t\t\t<\/div>\n\t\t\t\t\t<\/div>\n\t\t<\/div>\n\t\t\t\t\t<\/div>\n\t\t<\/section>\n\t\t\t\t\t<\/div>\n\t\t<\/div>\n\t\t\t\t\t<\/div>\n\t\t<\/section>\n\t\t\t\t<\/div>","protected":false},"excerpt":{"rendered":"<p>Nesmiselna iznajdba vro\u010de vode Navodila in priporo\u010dila \u010cude\u017enega zdravila ni Izgovor, da nimate \u010dasa, je eden od razlogov, da ste s svojim zdravjem danes tam, kjer si ne \u017eelite biti! Ne trdimo, da imate na voljo neskon\u010dno veliko \u010dasa! Vendar pa vam lahko zagotovimo, da imate ravno toliko \u010dasa, kolikor ga je treba, da bi ga lahko izkoristili, da bi ga lahko ... <\/p>\n<p class=\"link-more\"><a href=\"https:\/\/www.sonogenesis.info\/sl\/slusni-in-taktilni-drazljaji\/navodila-in-priporocila\/\" class=\"more-link\">Preberi ve\u010d<span class=\"screen-reader-text\"> \"Navodila in priporo\u010dila\"<\/span><\/a><\/p>","protected":false},"author":1,"featured_media":0,"parent":197,"menu_order":4,"comment_status":"closed","ping_status":"closed","template":"elementor_header_footer","meta":{"pmpro_default_level":"","footnotes":""},"class_list":["post-201","page","type-page","status-publish","hentry","pmpro-has-access"],"_links":{"self":[{"href":"https:\/\/www.sonogenesis.info\/sl\/wp-json\/wp\/v2\/pages\/201","targetHints":{"allow":["GET"]}}],"collection":[{"href":"https:\/\/www.sonogenesis.info\/sl\/wp-json\/wp\/v2\/pages"}],"about":[{"href":"https:\/\/www.sonogenesis.info\/sl\/wp-json\/wp\/v2\/types\/page"}],"author":[{"embeddable":true,"href":"https:\/\/www.sonogenesis.info\/sl\/wp-json\/wp\/v2\/users\/1"}],"replies":[{"embeddable":true,"href":"https:\/\/www.sonogenesis.info\/sl\/wp-json\/wp\/v2\/comments?post=201"}],"version-history":[{"count":43,"href":"https:\/\/www.sonogenesis.info\/sl\/wp-json\/wp\/v2\/pages\/201\/revisions"}],"predecessor-version":[{"id":4000,"href":"https:\/\/www.sonogenesis.info\/sl\/wp-json\/wp\/v2\/pages\/201\/revisions\/4000"}],"up":[{"embeddable":true,"href":"https:\/\/www.sonogenesis.info\/sl\/wp-json\/wp\/v2\/pages\/197"}],"wp:attachment":[{"href":"https:\/\/www.sonogenesis.info\/sl\/wp-json\/wp\/v2\/media?parent=201"}],"curies":[{"name":"wp","href":"https:\/\/api.w.org\/{rel}","templated":true}]}}