{"id":389,"date":"2022-12-09T06:59:34","date_gmt":"2022-12-09T05:59:34","guid":{"rendered":"https:\/\/www.sonogenesis.info\/?page_id=389"},"modified":"2024-02-05T12:03:59","modified_gmt":"2024-02-05T11:03:59","slug":"socialni-zid","status":"publish","type":"page","link":"https:\/\/www.sonogenesis.info\/sl\/skrita-energija\/socialni-zid\/","title":{"rendered":"Dru\u017eabni zid"},"content":{"rendered":"<div data-elementor-type=\"wp-page\" data-elementor-id=\"389\" class=\"elementor elementor-389\" data-elementor-post-type=\"page\">\n\t\t\t\t\t\t<section class=\"elementor-section elementor-top-section elementor-element elementor-element-5872d558 elementor-section-height-min-height elementor-section-items-stretch elementor-section-content-middle elementor-section-full_width elementor-section-height-default\" data-id=\"5872d558\" data-element_type=\"section\" data-settings=\"{&quot;background_background&quot;:&quot;classic&quot;}\">\n\t\t\t\t\t\t<div class=\"elementor-container elementor-column-gap-no\">\n\t\t\t\t\t<div class=\"elementor-column elementor-col-50 elementor-top-column elementor-element elementor-element-67edf18b\" data-id=\"67edf18b\" data-element_type=\"column\">\n\t\t\t<div class=\"elementor-widget-wrap elementor-element-populated\">\n\t\t\t\t\t\t<div class=\"elementor-element elementor-element-7c212186 elementor-widget elementor-widget-heading\" data-id=\"7c212186\" data-element_type=\"widget\" data-widget_type=\"heading.default\">\n\t\t\t\t<div class=\"elementor-widget-container\">\n\t\t\t\t\t<h3 class=\"elementor-heading-title elementor-size-default\">Pogovor z nami<\/h3>\t\t\t\t<\/div>\n\t\t\t\t<\/div>\n\t\t\t\t<div class=\"elementor-element elementor-element-34cf37de elementor-widget-divider--view-line elementor-invisible elementor-widget elementor-widget-divider\" data-id=\"34cf37de\" data-element_type=\"widget\" data-settings=\"{&quot;_animation&quot;:&quot;fadeInUp&quot;}\" data-widget_type=\"divider.default\">\n\t\t\t\t<div class=\"elementor-widget-container\">\n\t\t\t\t\t\t\t<div class=\"elementor-divider\">\n\t\t\t<span class=\"elementor-divider-separator\">\n\t\t\t\t\t\t<\/span>\n\t\t<\/div>\n\t\t\t\t\t\t<\/div>\n\t\t\t\t<\/div>\n\t\t\t\t<div class=\"elementor-element elementor-element-659b90c8 elementor-widget elementor-widget-heading\" data-id=\"659b90c8\" data-element_type=\"widget\" data-widget_type=\"heading.default\">\n\t\t\t\t<div class=\"elementor-widget-container\">\n\t\t\t\t\t<h1 class=\"elementor-heading-title elementor-size-default\">Dru\u017eabni zid<\/h1>\t\t\t\t<\/div>\n\t\t\t\t<\/div>\n\t\t\t\t\t<\/div>\n\t\t<\/div>\n\t\t\t\t<div class=\"elementor-column elementor-col-50 elementor-top-column elementor-element elementor-element-263797de\" data-id=\"263797de\" data-element_type=\"column\" data-settings=\"{&quot;background_background&quot;:&quot;classic&quot;,&quot;background_motion_fx_motion_fx_scrolling&quot;:&quot;yes&quot;,&quot;background_motion_fx_blur_effect&quot;:&quot;yes&quot;,&quot;background_motion_fx_blur_direction&quot;:&quot;in-out&quot;,&quot;background_motion_fx_blur_range&quot;:{&quot;unit&quot;:&quot;%&quot;,&quot;size&quot;:&quot;&quot;,&quot;sizes&quot;:{&quot;start&quot;:&quot;66&quot;,&quot;end&quot;:&quot;100&quot;}},&quot;background_motion_fx_blur_level&quot;:{&quot;unit&quot;:&quot;px&quot;,&quot;size&quot;:7,&quot;sizes&quot;:[]},&quot;background_motion_fx_devices&quot;:[&quot;desktop&quot;,&quot;tablet&quot;,&quot;mobile&quot;]}\">\n\t\t\t<div class=\"elementor-widget-wrap elementor-element-populated\">\n\t\t\t\t\t\t<div class=\"elementor-element elementor-element-642206d elementor-widget elementor-widget-spacer\" data-id=\"642206d\" data-element_type=\"widget\" data-widget_type=\"spacer.default\">\n\t\t\t\t<div class=\"elementor-widget-container\">\n\t\t\t\t\t\t\t<div class=\"elementor-spacer\">\n\t\t\t<div class=\"elementor-spacer-inner\"><\/div>\n\t\t<\/div>\n\t\t\t\t\t\t<\/div>\n\t\t\t\t<\/div>\n\t\t\t\t\t<\/div>\n\t\t<\/div>\n\t\t\t\t\t<\/div>\n\t\t<\/section>\n\t\t\t\t<section class=\"elementor-section elementor-top-section elementor-element elementor-element-11aa8218 elementor-section-full_width elementor-section-height-default elementor-section-height-default\" data-id=\"11aa8218\" data-element_type=\"section\">\n\t\t\t\t\t\t<div class=\"elementor-container elementor-column-gap-no\">\n\t\t\t\t\t<div class=\"elementor-column elementor-col-100 elementor-top-column elementor-element elementor-element-059572a\" data-id=\"059572a\" data-element_type=\"column\">\n\t\t\t<div class=\"elementor-widget-wrap elementor-element-populated\">\n\t\t\t\t\t\t<div class=\"elementor-element elementor-element-a240233 e-grid-align-mobile-center elementor-shape-rounded elementor-grid-0 e-grid-align-center elementor-widget elementor-widget-social-icons\" data-id=\"a240233\" data-element_type=\"widget\" data-widget_type=\"social-icons.default\">\n\t\t\t\t<div class=\"elementor-widget-container\">\n\t\t\t\t\t\t\t<div class=\"elementor-social-icons-wrapper elementor-grid\" role=\"list\">\n\t\t\t\t\t\t\t<span class=\"elementor-grid-item\" role=\"listitem\">\n\t\t\t\t\t<a class=\"elementor-icon elementor-social-icon elementor-social-icon-soundcloud elementor-animation-rotate elementor-repeater-item-c2f490c\" href=\"https:\/\/soundcloud.com\/sonogenesis\" target=\"_blank\">\n\t\t\t\t\t\t<span class=\"elementor-screen-only\">Soundcloud<\/span>\n\t\t\t\t\t\t<i aria-hidden=\"true\" class=\"fab fa-soundcloud\"><\/i>\t\t\t\t\t<\/a>\n\t\t\t\t<\/span>\n\t\t\t\t\t\t\t<span class=\"elementor-grid-item\" role=\"listitem\">\n\t\t\t\t\t<a class=\"elementor-icon elementor-social-icon elementor-social-icon-medium elementor-animation-rotate elementor-repeater-item-92c0998\" href=\"https:\/\/medium.com\/@krizanzlatko\" target=\"_blank\">\n\t\t\t\t\t\t<span class=\"elementor-screen-only\">Srednja<\/span>\n\t\t\t\t\t\t<i aria-hidden=\"true\" class=\"fab fa-medium\"><\/i>\t\t\t\t\t<\/a>\n\t\t\t\t<\/span>\n\t\t\t\t\t\t\t<span class=\"elementor-grid-item\" role=\"listitem\">\n\t\t\t\t\t<a class=\"elementor-icon elementor-social-icon elementor-social-icon-linkedin elementor-animation-rotate elementor-repeater-item-1374954\" href=\"https:\/\/www.linkedin.com\/in\/sonogenesis\/\" target=\"_blank\">\n\t\t\t\t\t\t<span class=\"elementor-screen-only\">Linkedin<\/span>\n\t\t\t\t\t\t<i aria-hidden=\"true\" class=\"fab fa-linkedin\"><\/i>\t\t\t\t\t<\/a>\n\t\t\t\t<\/span>\n\t\t\t\t\t\t\t<span class=\"elementor-grid-item\" role=\"listitem\">\n\t\t\t\t\t<a class=\"elementor-icon elementor-social-icon elementor-social-icon-facebook-f elementor-animation-rotate elementor-repeater-item-0267196\" href=\"https:\/\/www.facebook.com\/kola.zlatko\" target=\"_blank\">\n\t\t\t\t\t\t<span class=\"elementor-screen-only\">Facebook-f<\/span>\n\t\t\t\t\t\t<i aria-hidden=\"true\" class=\"fab fa-facebook-f\"><\/i>\t\t\t\t\t<\/a>\n\t\t\t\t<\/span>\n\t\t\t\t\t<\/div>\n\t\t\t\t\t\t<\/div>\n\t\t\t\t<\/div>\n\t\t\t\t\t<\/div>\n\t\t<\/div>\n\t\t\t\t\t<\/div>\n\t\t<\/section>\n\t\t\t\t<section class=\"elementor-section elementor-top-section elementor-element elementor-element-8b96106 elementor-section-boxed elementor-section-height-default elementor-section-height-default\" data-id=\"8b96106\" data-element_type=\"section\">\n\t\t\t\t\t\t<div class=\"elementor-container elementor-column-gap-no\">\n\t\t\t\t\t<div class=\"elementor-column elementor-col-50 elementor-top-column elementor-element elementor-element-7ae990c8\" data-id=\"7ae990c8\" data-element_type=\"column\">\n\t\t\t<div class=\"elementor-widget-wrap elementor-element-populated\">\n\t\t\t\t\t\t<div class=\"elementor-element elementor-element-2341188b elementor-widget-divider--view-line elementor-invisible elementor-widget elementor-widget-divider\" data-id=\"2341188b\" data-element_type=\"widget\" data-settings=\"{&quot;_animation&quot;:&quot;fadeInUp&quot;}\" data-widget_type=\"divider.default\">\n\t\t\t\t<div class=\"elementor-widget-container\">\n\t\t\t\t\t\t\t<div class=\"elementor-divider\">\n\t\t\t<span class=\"elementor-divider-separator\">\n\t\t\t\t\t\t<\/span>\n\t\t<\/div>\n\t\t\t\t\t\t<\/div>\n\t\t\t\t<\/div>\n\t\t\t\t\t<\/div>\n\t\t<\/div>\n\t\t\t\t<div class=\"elementor-column elementor-col-50 elementor-top-column elementor-element elementor-element-4ada5c45\" data-id=\"4ada5c45\" data-element_type=\"column\" data-settings=\"{&quot;background_background&quot;:&quot;classic&quot;}\">\n\t\t\t<div class=\"elementor-widget-wrap elementor-element-populated\">\n\t\t\t\t\t\t<div class=\"elementor-element elementor-element-5a79e73b elementor-widget elementor-widget-heading\" data-id=\"5a79e73b\" data-element_type=\"widget\" data-widget_type=\"heading.default\">\n\t\t\t\t<div class=\"elementor-widget-container\">\n\t\t\t\t\t<h2 class=\"elementor-heading-title elementor-size-default\">Na\u0161a dru\u017ebena skupnost<\/h2>\t\t\t\t<\/div>\n\t\t\t\t<\/div>\n\t\t\t\t<div class=\"elementor-element elementor-element-58cc7e74 elementor-widget elementor-widget-text-editor\" data-id=\"58cc7e74\" data-element_type=\"widget\" data-widget_type=\"text-editor.default\">\n\t\t\t\t<div class=\"elementor-widget-container\">\n\t\t\t\t\t\t\t\t\t<p>V svetu zvoka poznamo hrup. Tudi hrup zdravi.<\/p><p>V digitalni dobi so na\u0161e skupnosti postale sobe za kri\u010danje, zato smo postali zelo skepti\u010dni do dru\u017eabnih omre\u017eij.<br \/>Nekaterih omre\u017eij namenoma ne uporabljamo.<\/p><p>(slabo za posel, a dobro za na\u0161e dobro po\u010dutje)<\/p>\t\t\t\t\t\t\t\t<\/div>\n\t\t\t\t<\/div>\n\t\t\t\t<div class=\"elementor-element elementor-element-2eabece2 elementor-widget elementor-widget-heading\" data-id=\"2eabece2\" data-element_type=\"widget\" data-widget_type=\"heading.default\">\n\t\t\t\t<div class=\"elementor-widget-container\">\n\t\t\t\t\t<p class=\"elementor-heading-title elementor-size-default\">Cenimo podporo in donacije vseh vrst.<\/p>\t\t\t\t<\/div>\n\t\t\t\t<\/div>\n\t\t\t\t<div class=\"elementor-element elementor-element-483edc28 elementor-widget elementor-widget-text-editor\" data-id=\"483edc28\" data-element_type=\"widget\" data-widget_type=\"text-editor.default\">\n\t\t\t\t<div class=\"elementor-widget-container\">\n\t\t\t\t\t\t\t\t\t<p>\u010ce \u017eelite izvedeti ve\u010d informacij o donacijah v naravi, nas kontaktirajte na <a href=\"mailto:info@sonogenesis.info\">info@sonogenesis.info<\/a><\/p>\t\t\t\t\t\t\t\t<\/div>\n\t\t\t\t<\/div>\n\t\t\t\t\t<\/div>\n\t\t<\/div>\n\t\t\t\t\t<\/div>\n\t\t<\/section>\n\t\t\t\t<\/div>","protected":false},"excerpt":{"rendered":"<p>Pogovor z nami Dru\u017eabni zid Soundcloud Medij Linkedin Facebook-f Na\u0161a dru\u017eabna skupnost V svetu zvoka poznamo hrup. Tudi hrup zdravi. V digitalni dobi so na\u0161e skupnosti postale sobe za kri\u010danje, zato smo postali zelo skepti\u010dni do dru\u017ebenih omre\u017eij. nekaterih omre\u017eij namenoma ne uporabljamo. (slabo za posel, a dobro za na\u0161o ... <\/p>\n<p class=\"link-more\"><a href=\"https:\/\/www.sonogenesis.info\/sl\/skrita-energija\/socialni-zid\/\" class=\"more-link\">Preberi ve\u010d<span class=\"screen-reader-text\"> \"Socialni zid\"<\/span><\/a><\/p>","protected":false},"author":1,"featured_media":0,"parent":176,"menu_order":4,"comment_status":"closed","ping_status":"closed","template":"elementor_header_footer","meta":{"pmpro_default_level":"","footnotes":""},"class_list":["post-389","page","type-page","status-publish","hentry","pmpro-has-access"],"_links":{"self":[{"href":"https:\/\/www.sonogenesis.info\/sl\/wp-json\/wp\/v2\/pages\/389","targetHints":{"allow":["GET"]}}],"collection":[{"href":"https:\/\/www.sonogenesis.info\/sl\/wp-json\/wp\/v2\/pages"}],"about":[{"href":"https:\/\/www.sonogenesis.info\/sl\/wp-json\/wp\/v2\/types\/page"}],"author":[{"embeddable":true,"href":"https:\/\/www.sonogenesis.info\/sl\/wp-json\/wp\/v2\/users\/1"}],"replies":[{"embeddable":true,"href":"https:\/\/www.sonogenesis.info\/sl\/wp-json\/wp\/v2\/comments?post=389"}],"version-history":[{"count":28,"href":"https:\/\/www.sonogenesis.info\/sl\/wp-json\/wp\/v2\/pages\/389\/revisions"}],"predecessor-version":[{"id":4756,"href":"https:\/\/www.sonogenesis.info\/sl\/wp-json\/wp\/v2\/pages\/389\/revisions\/4756"}],"up":[{"embeddable":true,"href":"https:\/\/www.sonogenesis.info\/sl\/wp-json\/wp\/v2\/pages\/176"}],"wp:attachment":[{"href":"https:\/\/www.sonogenesis.info\/sl\/wp-json\/wp\/v2\/media?parent=389"}],"curies":[{"name":"wp","href":"https:\/\/api.w.org\/{rel}","templated":true}]}}