{"id":4878,"date":"2024-02-08T16:26:48","date_gmt":"2024-02-08T15:26:48","guid":{"rendered":"https:\/\/www.sonogenesis.info\/?page_id=4878"},"modified":"2025-10-06T11:37:10","modified_gmt":"2025-10-06T10:37:10","slug":"zdravljenje-z-vibracijami","status":"publish","type":"page","link":"https:\/\/www.sonogenesis.info\/sl\/vas\/zdravljenje-z-vibracijami\/","title":{"rendered":"Vibracije in zdravljenje"},"content":{"rendered":"<div data-elementor-type=\"wp-page\" data-elementor-id=\"4878\" class=\"elementor elementor-4878\" data-elementor-post-type=\"page\">\n\t\t\t\t\t\t<section class=\"elementor-section elementor-top-section elementor-element elementor-element-6c224337 elementor-section-height-min-height elementor-section-items-stretch elementor-section-content-middle elementor-section-full_width elementor-section-height-default\" data-id=\"6c224337\" data-element_type=\"section\" data-settings=\"{&quot;background_background&quot;:&quot;classic&quot;}\">\n\t\t\t\t\t\t<div class=\"elementor-container elementor-column-gap-no\">\n\t\t\t\t\t<div class=\"elementor-column elementor-col-50 elementor-top-column elementor-element elementor-element-79f7745\" data-id=\"79f7745\" data-element_type=\"column\">\n\t\t\t<div class=\"elementor-widget-wrap elementor-element-populated\">\n\t\t\t\t\t\t<div class=\"elementor-element elementor-element-2e40247a elementor-widget elementor-widget-heading\" data-id=\"2e40247a\" data-element_type=\"widget\" data-widget_type=\"heading.default\">\n\t\t\t\t<div class=\"elementor-widget-container\">\n\t\t\t\t\t<h3 class=\"elementor-heading-title elementor-size-default\">Kako<\/h3>\t\t\t\t<\/div>\n\t\t\t\t<\/div>\n\t\t\t\t<div class=\"elementor-element elementor-element-69aca7bf elementor-widget-divider--view-line elementor-invisible elementor-widget elementor-widget-divider\" data-id=\"69aca7bf\" data-element_type=\"widget\" data-settings=\"{&quot;_animation&quot;:&quot;fadeInUp&quot;}\" data-widget_type=\"divider.default\">\n\t\t\t\t<div class=\"elementor-widget-container\">\n\t\t\t\t\t\t\t<div class=\"elementor-divider\">\n\t\t\t<span class=\"elementor-divider-separator\">\n\t\t\t\t\t\t<\/span>\n\t\t<\/div>\n\t\t\t\t\t\t<\/div>\n\t\t\t\t<\/div>\n\t\t\t\t<div class=\"elementor-element elementor-element-2ade8903 elementor-widget elementor-widget-heading\" data-id=\"2ade8903\" data-element_type=\"widget\" data-widget_type=\"heading.default\">\n\t\t\t\t<div class=\"elementor-widget-container\">\n\t\t\t\t\t<h1 class=\"elementor-heading-title elementor-size-default\">Vibracije in zdravljenje<\/h1>\t\t\t\t<\/div>\n\t\t\t\t<\/div>\n\t\t\t\t\t<\/div>\n\t\t<\/div>\n\t\t\t\t<div class=\"elementor-column elementor-col-50 elementor-top-column elementor-element elementor-element-3b5baabb\" data-id=\"3b5baabb\" data-element_type=\"column\" data-settings=\"{&quot;background_background&quot;:&quot;classic&quot;,&quot;background_motion_fx_motion_fx_scrolling&quot;:&quot;yes&quot;,&quot;background_motion_fx_blur_effect&quot;:&quot;yes&quot;,&quot;background_motion_fx_blur_direction&quot;:&quot;in-out&quot;,&quot;background_motion_fx_blur_range&quot;:{&quot;unit&quot;:&quot;%&quot;,&quot;size&quot;:&quot;&quot;,&quot;sizes&quot;:{&quot;start&quot;:&quot;66&quot;,&quot;end&quot;:&quot;100&quot;}},&quot;background_motion_fx_blur_level&quot;:{&quot;unit&quot;:&quot;px&quot;,&quot;size&quot;:7,&quot;sizes&quot;:[]},&quot;background_motion_fx_devices&quot;:[&quot;desktop&quot;,&quot;tablet&quot;,&quot;mobile&quot;]}\">\n\t\t\t<div class=\"elementor-widget-wrap elementor-element-populated\">\n\t\t\t\t\t\t<div class=\"elementor-element elementor-element-2294d09d elementor-widget elementor-widget-spacer\" data-id=\"2294d09d\" data-element_type=\"widget\" data-widget_type=\"spacer.default\">\n\t\t\t\t<div class=\"elementor-widget-container\">\n\t\t\t\t\t\t\t<div class=\"elementor-spacer\">\n\t\t\t<div class=\"elementor-spacer-inner\"><\/div>\n\t\t<\/div>\n\t\t\t\t\t\t<\/div>\n\t\t\t\t<\/div>\n\t\t\t\t\t<\/div>\n\t\t<\/div>\n\t\t\t\t\t<\/div>\n\t\t<\/section>\n\t\t\t\t<section class=\"elementor-section elementor-top-section elementor-element elementor-element-27145f6c elementor-section-boxed elementor-section-height-default elementor-section-height-default\" data-id=\"27145f6c\" data-element_type=\"section\">\n\t\t\t\t\t\t<div class=\"elementor-container elementor-column-gap-no\">\n\t\t\t\t\t<div class=\"elementor-column elementor-col-50 elementor-top-column elementor-element elementor-element-566e8483\" data-id=\"566e8483\" data-element_type=\"column\">\n\t\t\t<div class=\"elementor-widget-wrap elementor-element-populated\">\n\t\t\t\t\t\t<div class=\"elementor-element elementor-element-60d2f218 elementor-widget-divider--view-line elementor-invisible elementor-widget elementor-widget-divider\" data-id=\"60d2f218\" data-element_type=\"widget\" data-settings=\"{&quot;_animation&quot;:&quot;fadeInUp&quot;}\" data-widget_type=\"divider.default\">\n\t\t\t\t<div class=\"elementor-widget-container\">\n\t\t\t\t\t\t\t<div class=\"elementor-divider\">\n\t\t\t<span class=\"elementor-divider-separator\">\n\t\t\t\t\t\t<\/span>\n\t\t<\/div>\n\t\t\t\t\t\t<\/div>\n\t\t\t\t<\/div>\n\t\t\t\t\t<\/div>\n\t\t<\/div>\n\t\t\t\t<div class=\"elementor-column elementor-col-50 elementor-top-column elementor-element elementor-element-17ca67a9\" data-id=\"17ca67a9\" data-element_type=\"column\" data-settings=\"{&quot;background_background&quot;:&quot;classic&quot;}\">\n\t\t\t<div class=\"elementor-widget-wrap elementor-element-populated\">\n\t\t\t\t\t\t<div class=\"elementor-element elementor-element-2b20c812 elementor-widget elementor-widget-heading\" data-id=\"2b20c812\" data-element_type=\"widget\" data-widget_type=\"heading.default\">\n\t\t\t\t<div class=\"elementor-widget-container\">\n\t\t\t\t\t<h2 class=\"elementor-heading-title elementor-size-default\">osnovni gradniki - spodbujevalci<\/h2>\t\t\t\t<\/div>\n\t\t\t\t<\/div>\n\t\t\t\t<div class=\"elementor-element elementor-element-212afa0d elementor-widget elementor-widget-text-editor\" data-id=\"212afa0d\" data-element_type=\"widget\" data-widget_type=\"text-editor.default\">\n\t\t\t\t<div class=\"elementor-widget-container\">\n\t\t\t\t\t\t\t\t\t<p>To so zvo\u010dne datoteke HD, ki so osnovni gradniki terapije.<\/p><p>Nekatere izmed njih predstavljamo z opisom na tem mestu. Nekatere pa dodajamo v drug sklop na tej strani, ki jih v pogovoru z vodjo studia izberete glede na cilje, ki jih \u017eelite dose\u010di z vibroakusti\u010dno terapijo.<\/p>\t\t\t\t\t\t\t\t<\/div>\n\t\t\t\t<\/div>\n\t\t\t\t\t<\/div>\n\t\t<\/div>\n\t\t\t\t\t<\/div>\n\t\t<\/section>\n\t\t\t\t<section class=\"elementor-section elementor-top-section elementor-element elementor-element-168ab28d elementor-section-full_width elementor-section-height-default elementor-section-height-default\" data-id=\"168ab28d\" data-element_type=\"section\">\n\t\t\t\t\t\t<div class=\"elementor-container elementor-column-gap-no\">\n\t\t\t\t\t<div class=\"elementor-column elementor-col-100 elementor-top-column elementor-element elementor-element-6ae7bdb9\" data-id=\"6ae7bdb9\" data-element_type=\"column\">\n\t\t\t<div class=\"elementor-widget-wrap elementor-element-populated\">\n\t\t\t\t\t\t<section class=\"elementor-section elementor-inner-section elementor-element elementor-element-23961990 elementor-section-full_width elementor-section-content-middle elementor-section-height-default elementor-section-height-default\" data-id=\"23961990\" data-element_type=\"section\">\n\t\t\t\t\t\t<div class=\"elementor-container elementor-column-gap-no\">\n\t\t\t\t\t<div class=\"elementor-column elementor-col-50 elementor-inner-column elementor-element elementor-element-6caea0f5\" data-id=\"6caea0f5\" data-element_type=\"column\" data-settings=\"{&quot;background_background&quot;:&quot;gradient&quot;}\">\n\t\t\t<div class=\"elementor-widget-wrap elementor-element-populated\">\n\t\t\t\t\t\t<div class=\"elementor-element elementor-element-21a4141b elementor-cta--skin-classic elementor-animated-content elementor-bg-transform elementor-bg-transform-zoom-in elementor-widget elementor-widget-call-to-action\" data-id=\"21a4141b\" data-element_type=\"widget\" data-widget_type=\"call-to-action.default\">\n\t\t\t\t<div class=\"elementor-widget-container\">\n\t\t\t\t\t\t\t<div class=\"elementor-cta\">\n\t\t\t\t\t<div class=\"elementor-cta__bg-wrapper\">\n\t\t\t\t<div class=\"elementor-cta__bg elementor-bg\" style=\"background-image: url(http:\/\/www.sonogenesis.info\/wp-content\/uploads\/2023\/02\/81fc8938-7b78-4b47-954e-e36ad044fbf7.webp);\" role=\"img\" aria-label=\"81fc8938-7b78-4b47-954e-e36ad044fbf7\"><\/div>\n\t\t\t\t<div class=\"elementor-cta__bg-overlay\"><\/div>\n\t\t\t<\/div>\n\t\t\t\t\t\t\t\t<\/div>\n\t\t\t\t\t\t<\/div>\n\t\t\t\t<\/div>\n\t\t\t\t\t<\/div>\n\t\t<\/div>\n\t\t\t\t<div class=\"elementor-column elementor-col-50 elementor-inner-column elementor-element elementor-element-1f0cc1f1\" data-id=\"1f0cc1f1\" data-element_type=\"column\" data-settings=\"{&quot;background_background&quot;:&quot;classic&quot;}\">\n\t\t\t<div class=\"elementor-widget-wrap elementor-element-populated\">\n\t\t\t\t\t\t<div class=\"elementor-element elementor-element-13c5e19 elementor-widget elementor-widget-heading\" data-id=\"13c5e19\" data-element_type=\"widget\" data-widget_type=\"heading.default\">\n\t\t\t\t<div class=\"elementor-widget-container\">\n\t\t\t\t\t<h2 class=\"elementor-heading-title elementor-size-default\">Opis nekaterih spodbujevalcev<\/h2>\t\t\t\t<\/div>\n\t\t\t\t<\/div>\n\t\t\t\t<div class=\"elementor-element elementor-element-2619cadc elementor-widget elementor-widget-text-editor\" data-id=\"2619cadc\" data-element_type=\"widget\" data-widget_type=\"text-editor.default\">\n\t\t\t\t<div class=\"elementor-widget-container\">\n\t\t\t\t\t\t\t\t\t<p><strong>DETOX - RAZSTRUPLJANJE<\/strong> <br \/>Razstrupljanje je postopek odstranjevanja \u0161kodljivih snovi iz telesa. To lahko storimo z razli\u010dnimi terapijami in pristopi. <br \/>Nekateri centri razstrupljajo jetra in celotno telo s posebnimi terapijami, namenjenimi odstranjevanju toksinov iz telesa, zlasti tistih, ki so posledica nepravilne prehrane, stresa in zdravil.<br \/>Vibroakusti\u010dna terapija je metoda, ki uporablja nizkofrekven\u010dne zvo\u010dne vibracije za doseganje razli\u010dnih fiziolo\u0161kih koristi v \u010dlove\u0161kem telesu.<br \/>Fizi\u010dni ali somatski u\u010dinek: Znano je, da nizkofrekven\u010dne vibracije povzro\u010dajo notranjo masa\u017eo, ki \u010disti telo. Med terapijo pride do za\u010dasnih fiziolo\u0161kih sprememb v ciljnem tkivu, kar povzro\u010di pove\u010dano prekrvavitev. To povzro\u010di absorpcijo odpadnih celic in drugih toksinov, ki se nato presnovijo in izlo\u010dijo.<br \/>Zaradi dodanih vibracij se proces poglobi in dose\u017ee raven celi\u010dnega odziva. <br \/>+ Po kon\u010danem tretmaju priporo\u010damo obisk savne ali druge hidrotermi\u010dne terapije.<br \/><em>Terapija traja 90 minut\u00a0<\/em><\/p><p><strong>WELLNESS<\/strong> <br \/>Vibroakusti\u010dna terapija v povezavi z wellnessom ponuja edinstveno izku\u0161njo, ki zdru\u017euje fizi\u010dno in \u010dustveno dobro po\u010dutje. Vendar je za najbolj\u0161e rezultate priporo\u010dljivo, da vibroakusti\u010dno terapijo uporabljate v kombinaciji z drugimi wellness terapijami.<br \/>Sprostitev in pomiritev: Vibracije in zvoki lahko pomagajo sprostiti napete mi\u0161ice in umiriti um, kar omogo\u010da globoko sprostitev telesa in uma.<br \/>Pove\u010danje mikrovibracij telesa: Vibroakusti\u010dna terapija lahko pove\u010da mikrovibracije telesa, kar pojasnjuje njeno visoko u\u010dinkovitost.<br \/>Zdravljenje in prepre\u010devanje bolezni: Naprave, ki se uporabljajo s SONOGENESIS, se lahko uporabljajo za zdravljenje in prepre\u010devanje \u0161tevilnih bolezni.<br \/>+ Dopolnilno zdravljenje: V primeru, da se vibroakusti\u010dna terapija uporablja samostojno ali kot dopolnilo drugim terapijam, kot so masa\u017ee, savne in termalne kopeli, se lahko uporabi kot dopolnilo.<br \/><em>Terapija traja 90 minut<\/em><\/p><p><strong>DVIG \u017dIVLJENJSKE ENERGIJE<\/strong> <br \/>Pomanjkanje energije se lahko ka\u017ee kot telesna in \u010dustvena utrujenost. Terapije, ki spodbujajo sprostitev in umiritev, lahko pomagajo obnoviti energijo. Zato lahko na podlagi izku\u0161enj trdimo, da ima vibroakusti\u010dna terapija - ki uporablja zvok za sprostitev in pomiritev - nedvomno pozitivne u\u010dinke na \u017eivljenjsko energijo. <br \/><em>Terapija traja 90 minut<\/em><\/p><p><strong>FOKUS<\/strong><br \/>Zvoki, kot so zvoki narave ali beli \u0161um, pomagajo pri spro\u0161\u010danju in umirjanju uma. Z naravnimi zvoki ali belim \u0161umom lahko prekrijemo mote\u010de zvoke iz ozadja, kar lahko izbolj\u0161a koncentracijo in druge mo\u017eganske funkcije.<br \/>Na pomanjkanje koncentracije vplivajo razli\u010dni fiziolo\u0161ki dejavniki, kot so telesno po\u010dutje, zdravstvene te\u017eave in telesna pripravljenost. Vibroakusti\u010dna terapija lahko pomaga odpraviti nekatere od teh dejavnikov in pripomore k bolj\u0161i koncentraciji. <br \/><em>Terapija traja 90 minut<\/em><\/p><p><strong>RELAX<\/strong> <br \/>Obi\u010dajno je vibroakusti\u010dna terapija inovativna metoda, ki obljublja \u0161tevilne prednosti za tiste, ki i\u0161\u010dejo globoko sprostitev in bolj\u0161o kakovost spanja.<br \/>Vibroakusti\u010dna terapija je metoda, ki za terapevtske namene uporablja zvok in vibracije. Zanjo je zna\u010dilno, da omogo\u010da globoko sprostitev in bolj\u0161e udobje, kar je \u0161e posebej koristno za posameznike, ki i\u0161\u010dejo na\u010dine za izbolj\u0161anje kakovosti spanja in umiritev uma.<br \/>Zvo\u010dna terapija s tibetanskimi skledami in gongi, podobno kot vibroakusti\u010dna terapija, omogo\u010da globoko sprostitev uma in telesa. Te terapije lahko pripomorejo k izbolj\u0161anju splo\u0161nega po\u010dutja in posameznikom omogo\u010dijo, da dose\u017eejo stanje globoke sprostitve.<br \/>\u010ceprav se zdi, da masa\u017ea ni neposredno povezana z vibroakusti\u010dno terapijo, je njena sposobnost spro\u0161\u010danja in zmanj\u0161evanja napetosti podobna koristim, ki jih ponuja vibroakusti\u010dna terapija. <br \/><em>Terapija traja 90 minut<\/em><\/p>\t\t\t\t\t\t\t\t<\/div>\n\t\t\t\t<\/div>\n\t\t\t\t\t<\/div>\n\t\t<\/div>\n\t\t\t\t\t<\/div>\n\t\t<\/section>\n\t\t\t\t\t<\/div>\n\t\t<\/div>\n\t\t\t\t\t<\/div>\n\t\t<\/section>\n\t\t\t\t<section class=\"elementor-section elementor-top-section elementor-element elementor-element-596ad8d9 elementor-section-boxed elementor-section-height-default elementor-section-height-default\" data-id=\"596ad8d9\" data-element_type=\"section\">\n\t\t\t\t\t\t<div class=\"elementor-container elementor-column-gap-no\">\n\t\t\t\t\t<div class=\"elementor-column elementor-col-50 elementor-top-column elementor-element elementor-element-3bd2e4c4\" data-id=\"3bd2e4c4\" data-element_type=\"column\">\n\t\t\t<div class=\"elementor-widget-wrap elementor-element-populated\">\n\t\t\t\t\t\t<div class=\"elementor-element elementor-element-4e6d7742 elementor-widget-divider--view-line elementor-invisible elementor-widget elementor-widget-divider\" data-id=\"4e6d7742\" data-element_type=\"widget\" data-settings=\"{&quot;_animation&quot;:&quot;fadeInUp&quot;}\" data-widget_type=\"divider.default\">\n\t\t\t\t<div class=\"elementor-widget-container\">\n\t\t\t\t\t\t\t<div class=\"elementor-divider\">\n\t\t\t<span class=\"elementor-divider-separator\">\n\t\t\t\t\t\t<\/span>\n\t\t<\/div>\n\t\t\t\t\t\t<\/div>\n\t\t\t\t<\/div>\n\t\t\t\t\t<\/div>\n\t\t<\/div>\n\t\t\t\t<div class=\"elementor-column elementor-col-50 elementor-top-column elementor-element elementor-element-1ebde195\" data-id=\"1ebde195\" data-element_type=\"column\" data-settings=\"{&quot;background_background&quot;:&quot;classic&quot;}\">\n\t\t\t<div class=\"elementor-widget-wrap elementor-element-populated\">\n\t\t\t\t\t\t<div class=\"elementor-element elementor-element-2d7a03bb elementor-widget elementor-widget-heading\" data-id=\"2d7a03bb\" data-element_type=\"widget\" data-widget_type=\"heading.default\">\n\t\t\t\t<div class=\"elementor-widget-container\">\n\t\t\t\t\t<h2 class=\"elementor-heading-title elementor-size-default\">Seznam nekaterih...<\/h2>\t\t\t\t<\/div>\n\t\t\t\t<\/div>\n\t\t\t\t<div class=\"elementor-element elementor-element-22263fcd elementor-widget elementor-widget-text-editor\" data-id=\"22263fcd\" data-element_type=\"widget\" data-widget_type=\"text-editor.default\">\n\t\t\t\t<div class=\"elementor-widget-container\">\n\t\t\t\t\t\t\t\t\t<p>Spodbujevalec - globinsko \u010di\u0161\u010denje, uravnavanje krvnega obtoka, protistresni u\u010dinek<br \/>Spodbujevalec - \u017eivci - ustvarja pomo\u010d v sili<br \/>Spodbujevalec - Hemoroidi, standard, vozli\u0161\u010da<br \/>Spodbujevalec - Alzheimer, nadzor frekvenc<br \/>Spodbujevalec - Obnovitev in okrevanje<br \/>Spodbujevalec - Kundalini<br \/>Spodbujevalec - Jetra, \u010di\u0161\u010denje, regeneracija<br \/>Spodbujevalec - spomin, krepitev + globoka sprostitev<br \/>Spodbujevalec - pomirjujo\u010d spanec brez smr\u010danja<br \/>Spodbujevalec - uravnavanje spanja v stresnih situacijah<br \/>Spodbujevalec - sindrom obstruktivne apneje, higiena spanja<br \/>Spodbujevalec - M&amp;M, rehabilitacija po zvinu, zlomu, po\u0161kodbi okon\u010dine<br \/>Spodbujevalec - center za ravnote\u017eje<br \/>Spodbujevalec - mi\u0161i\u010dni tonus<br \/>Spodbujevalec- spro\u0161\u010danje mi\u0161ic<br \/>Spodbujevalec - Odprava mi\u0161i\u010dne togosti<br \/>Spodbujevalec - Bole\u010dine v mi\u0161icah rok<br \/>Spodbujevalec - Bole\u010dine v mi\u0161icah nog<br \/>Spodbujevalec - CBD s tihim od\u0161tevanjem + transer<br \/>Spodbujevalec - Popravilo hernije, operacija hernije in rehabilitacija po operaciji hernije<br \/>Spodbujevalec - Povezava vizualnega spektra, odpiranje tretjega o\u010desa<br \/>Spodbujevalec - Vitamag - pove\u010danje \u017eivljenjske energije<br \/>Spodbujevalec - Schumannova resonanca - prizemljitev in uskladitev s frekvenco Zemlje<br \/>Spodbujevalec - Stimulacija vseh \u010daker<br \/>Spodbujevalec - Wellness v pravem pomenu besede<br \/>RE:Spodbujevalec - rast mati\u010dnih celic, krepitev DNK, zdravljenje in odpravljanje staranja<br \/>RE:Spodbujevalec - vro\u010da \u010dokolada spodbuja serotonin, endorfin, dobro po\u010dutje, varnost, dobro po\u010dutje in ravnovesje<\/p>\t\t\t\t\t\t\t\t<\/div>\n\t\t\t\t<\/div>\n\t\t\t\t<div class=\"elementor-element elementor-element-71ab98d1 elementor-widget elementor-widget-text-editor\" data-id=\"71ab98d1\" data-element_type=\"widget\" data-widget_type=\"text-editor.default\">\n\t\t\t\t<div class=\"elementor-widget-container\">\n\t\t\t\t\t\t\t\t\t<p>Zgornji seznam se posodablja tedensko...<\/p>\t\t\t\t\t\t\t\t<\/div>\n\t\t\t\t<\/div>\n\t\t\t\t\t<\/div>\n\t\t<\/div>\n\t\t\t\t\t<\/div>\n\t\t<\/section>\n\t\t\t\t<\/div>","protected":false},"excerpt":{"rendered":"<p>How Vibration &amp; Healing the basic building blocks &#8211; boosters They are HD sound files, which are the basic building blocks of the therapy itself. We present some of them with a description on this sheet, and we add a set of some of them, which you choose in discussion with the studio manager for &hellip; <\/p>\n<p class=\"link-more\"><a href=\"https:\/\/www.sonogenesis.info\/sl\/vas\/zdravljenje-z-vibracijami\/\" class=\"more-link\">Preberi ve\u010d<span class=\"screen-reader-text\"> \"Vibracije in zdravljenje\"<\/span><\/a><\/p>","protected":false},"author":1,"featured_media":4594,"parent":4800,"menu_order":0,"comment_status":"closed","ping_status":"closed","template":"elementor_header_footer","meta":{"pmpro_default_level":"","footnotes":""},"class_list":["post-4878","page","type-page","status-publish","has-post-thumbnail","hentry","pmpro-has-access"],"_links":{"self":[{"href":"https:\/\/www.sonogenesis.info\/sl\/wp-json\/wp\/v2\/pages\/4878","targetHints":{"allow":["GET"]}}],"collection":[{"href":"https:\/\/www.sonogenesis.info\/sl\/wp-json\/wp\/v2\/pages"}],"about":[{"href":"https:\/\/www.sonogenesis.info\/sl\/wp-json\/wp\/v2\/types\/page"}],"author":[{"embeddable":true,"href":"https:\/\/www.sonogenesis.info\/sl\/wp-json\/wp\/v2\/users\/1"}],"replies":[{"embeddable":true,"href":"https:\/\/www.sonogenesis.info\/sl\/wp-json\/wp\/v2\/comments?post=4878"}],"version-history":[{"count":15,"href":"https:\/\/www.sonogenesis.info\/sl\/wp-json\/wp\/v2\/pages\/4878\/revisions"}],"predecessor-version":[{"id":5114,"href":"https:\/\/www.sonogenesis.info\/sl\/wp-json\/wp\/v2\/pages\/4878\/revisions\/5114"}],"up":[{"embeddable":true,"href":"https:\/\/www.sonogenesis.info\/sl\/wp-json\/wp\/v2\/pages\/4800"}],"wp:featuredmedia":[{"embeddable":true,"href":"https:\/\/www.sonogenesis.info\/sl\/wp-json\/wp\/v2\/media\/4594"}],"wp:attachment":[{"href":"https:\/\/www.sonogenesis.info\/sl\/wp-json\/wp\/v2\/media?parent=4878"}],"curies":[{"name":"wp","href":"https:\/\/api.w.org\/{rel}","templated":true}]}}